{"id":8459,"date":"2024-05-27T21:56:58","date_gmt":"2024-05-27T19:56:58","guid":{"rendered":"https:\/\/enovathemes.com\/globax\/?page_id=8459"},"modified":"2024-10-17T06:24:44","modified_gmt":"2024-10-17T04:24:44","slug":"nos-tarifs","status":"publish","type":"page","link":"https:\/\/ofakgp.com\/?page_id=8459","title":{"rendered":"Nos tarifs"},"content":{"rendered":"<div class=\"wpb-content-wrapper\"><p>[vc_row gap=\u00a0\u00bb0&Prime; content_placement=\u00a0\u00bbmiddle\u00a0\u00bb css=\u00a0\u00bb.vc_custom_1531484324028{padding-top: 96px !important;}\u00a0\u00bb][vc_column offset=\u00a0\u00bbvc_col-lg-6 vc_col-md-8 vc_col-xs-12&Prime;]<h6 class=\"et-highlight-title \" style=\"font-size:12px;font-weight:700;line-height:24px;letter-spacing:0.5px;color:#9a9a9a;\" data-mobile-font=\"inherit\" data-tablet-font=\"inherit\"><span class=\"title-inner\">OFAK GP<span class=\"highlight-line\" style=\"background-color:#309be3;\"><\/span><\/span><\/h6>[vc_custom_heading text=\u00a0\u00bbNos tarifs\u00a0\u00bb font_container=\u00a0\u00bbtag:h3|font_size:48px|text_align:left|line_height:56px\u00a0\u00bb use_theme_fonts=\u00a0\u00bbyes\u00a0\u00bb mobile_font_size=\u00a0\u00bb32px\u00a0\u00bb css=\u00a0\u00bb.vc_custom_1716892439157{margin-bottom: 0px !important;}\u00a0\u00bb]<div class=\"gap et-clearfix \" style=\"height:32px\"><\/div>[vc_custom_heading text=\u00a0\u00bbNous vous proposons des tarifs adapt\u00e9s \u00e0 votre budget et d\u00e9fiant toute concurrence!\u00a0\u00bb font_container=\u00a0\u00bbtag:p|font_size:18px|text_align:left|color:%23616161|line_height:32px\u00a0\u00bb use_theme_fonts=\u00a0\u00bbyes\u00a0\u00bb el_class=\u00a0\u00bbet-elements-subtitle\u00a0\u00bb]<div class=\"sep-wrap left   et-clearfix\" data-delay=\"0\"><div class=\"et-separator solid\" style=\"height:2px;width:100%;border-bottom-width:2px;border-bottom-style:solid;border-bottom-color:#e0e0e0;\"><\/div><\/div>[\/vc_column][vc_column offset=\u00a0\u00bbvc_col-lg-6 vc_col-md-4 vc_hidden-md vc_hidden-sm vc_col-xs-12 vc_hidden-xs\u00a0\u00bb][\/vc_column][\/vc_row][vc_row gap=\u00a0\u00bb0&Prime; css=\u00a0\u00bb.vc_custom_1531296563079{padding-top: 96px !important;padding-bottom: 72px !important;}\u00a0\u00bb][vc_column width=\u00a0\u00bb1\/2&Prime;]<div data-curtain=\"false\" data-preloader=\"false\" data-decoration=\"false\" data-decoration-size=\"small\" data-animation-delay=\"0\" data-parallax=\"false\" data-coordinatex=\"0\" data-coordinatey=\"0\" data-speed=\"1\" class=\"et-custom-image  alignnone overlay-none curtain-left\"><div class=\"overlay-hover\"><div class=\"image\"><div class=\"image-container\"><img loading=\"lazy\" decoding=\"async\" width=\"626\" height=\"313\" src=\"https:\/\/ofakgp.com\/wp-content\/uploads\/fret-aerien.avif\" alt=\"\"><\/div><\/div><\/div><\/div>[\/vc_column][vc_column width=\u00a0\u00bb1\/2&Prime;]<div data-curtain=\"false\" data-preloader=\"false\" data-decoration=\"false\" data-decoration-size=\"small\" data-animation-delay=\"0\" data-parallax=\"false\" data-coordinatex=\"0\" data-coordinatey=\"0\" data-speed=\"1\" class=\"et-custom-image  alignnone overlay-none curtain-left\"><div class=\"overlay-hover\"><div class=\"image\"><div class=\"image-container\"><img loading=\"lazy\" decoding=\"async\" width=\"2917\" height=\"1017\" src=\"https:\/\/ofakgp.com\/wp-content\/uploads\/fret-aerien-label-2-1.png\" alt=\"\"><\/div><\/div><\/div><\/div>[\/vc_column][\/vc_row][vc_row full_width=\u00a0\u00bbstretch_row\u00a0\u00bb gap=\u00a0\u00bb16&Prime; equal_height=\u00a0\u00bbyes\u00a0\u00bb content_placement=\u00a0\u00bbmiddle\u00a0\u00bb css=\u00a0\u00bb.vc_custom_1716908196841{padding-top: 120px !important;padding-bottom: 72px !important;background-color: #ffffff !important;}\u00a0\u00bb][vc_column width=\u00a0\u00bb1\/3&Prime;]<div data-curtain=\"false\" data-preloader=\"false\" data-decoration=\"false\" data-decoration-size=\"small\" data-animation-delay=\"0\" data-parallax=\"false\" data-coordinatex=\"0\" data-coordinatey=\"0\" data-speed=\"1\" class=\"et-custom-image  alignnone overlay-none curtain-left\"><div class=\"overlay-hover\"><div class=\"image\"><div class=\"image-container\"><img loading=\"lazy\" decoding=\"async\" width=\"446\" height=\"469\" src=\"https:\/\/ofakgp.com\/wp-content\/uploads\/expresS.png\" alt=\"\"><\/div><\/div><\/div><\/div>[\/vc_column][vc_column width=\u00a0\u00bb1\/3&Prime;]<div data-curtain=\"false\" data-preloader=\"false\" data-decoration=\"false\" data-decoration-size=\"small\" data-animation-delay=\"0\" data-parallax=\"false\" data-coordinatex=\"0\" data-coordinatey=\"0\" data-speed=\"1\" class=\"et-custom-image  alignnone overlay-none curtain-left\"><div class=\"overlay-hover\"><div class=\"image\"><div class=\"image-container\"><img loading=\"lazy\" decoding=\"async\" width=\"472\" height=\"480\" src=\"https:\/\/ofakgp.com\/wp-content\/uploads\/groupagee.png\" alt=\"\"><\/div><\/div><\/div><\/div>[\/vc_column][vc_column width=\u00a0\u00bb1\/3&Prime;][vc_column_text]<\/p>\n<ul>\n<li>Livraison \u00e0 notre adresse possible:\n<ul>\n<li>Remise en main propre sur rendez-vous gratuite.<\/li>\n<li>20 \u20ac si livraison \u00e0 notre adresse et si \u00e9v\u00e8nements \u00e0 la poste ou au point relais (soumis \u00e0 condition)<\/li>\n<\/ul>\n<\/li>\n<li>Coursier disponible \u00e9galement pour vos enl\u00e8vements de colis \u00e0 la charge du client et achat possible en magasin ou en ligne<\/li>\n<\/ul>\n<p><strong>RAPPEL SUR NOS CONDITION D&rsquo;ENVOI:<\/strong><\/p>\n<p>Un colis charg\u00e9 n&rsquo;est pas annulable:<\/p>\n<p>\u00e0 condition de r\u00e9gler une amande de 150 \u20ac pour les petits colis et \u00e0 partir de 500 \u20ac\u00a0 pour les gros colis en fonction du d\u00e9sagr\u00e9ment, Avant restitution du colis et avant le d\u00e9part du vol ou du navire[\/vc_column_text][\/vc_column][\/vc_row][vc_row full_width=\u00a0\u00bbstretch_row\u00a0\u00bb gap=\u00a0\u00bb16&Prime; equal_height=\u00a0\u00bbyes\u00a0\u00bb content_placement=\u00a0\u00bbmiddle\u00a0\u00bb css=\u00a0\u00bb.vc_custom_1716908196841{padding-top: 120px !important;padding-bottom: 72px !important;background-color: #ffffff !important;}\u00a0\u00bb][vc_column width=\u00a0\u00bb1\/3&Prime;][vc_column_text]<b>MERCI DE DEMANDER UN DEVIS AU PR\u00c9ALABLE POUR \u00c9VITER TOUTE SURPRISE !<\/b>[\/vc_column_text][\/vc_column][vc_column width=\u00a0\u00bb1\/3&Prime;]<div data-curtain=\"false\" data-preloader=\"false\" data-decoration=\"false\" data-decoration-size=\"small\" data-animation-delay=\"0\" data-parallax=\"false\" data-coordinatex=\"0\" data-coordinatey=\"0\" data-speed=\"1\" class=\"et-custom-image  aligncenter overlay-none curtain-left\"><div class=\"overlay-hover\"><div class=\"image\"><div class=\"image-container\"><img loading=\"lazy\" decoding=\"async\" width=\"12\" height=\"122\" src=\"https:\/\/ofakgp.com\/wp-content\/uploads\/Line.png\" alt=\"\"><\/div><\/div><\/div><\/div>[\/vc_column][vc_column width=\u00a0\u00bb1\/3&Prime;][vc_column_text]<i>Des frais de participation \u00e0 la douane peuvent \u00eatre demand\u00e9s lors de l\u2019envoi<span class=\"Apple-converted-space\">\u00a0\u00a0<\/span>du colis selon sa nature.<\/i>[\/vc_column_text][\/vc_column][\/vc_row][vc_section][vc_row gap=\u00a0\u00bb0&Prime;][vc_column]<div class=\"sep-wrap left   et-clearfix\" data-delay=\"0\"><div class=\"et-separator solid\" style=\"margin-bottom:40px;height:1px;width:100%;border-bottom-width:1px;border-bottom-style:solid;border-bottom-color:#e0e0e0;\"><\/div><\/div>[\/vc_column][\/vc_row][\/vc_section][vc_row gap=\u00a0\u00bb4&Prime; css=\u00a0\u00bb.vc_custom_1716912725968{padding-top: 96px !important;padding-bottom: 72px !important;}\u00a0\u00bb][vc_column width=\u00a0\u00bb1\/2&Prime;]<div data-curtain=\"false\" data-preloader=\"false\" data-decoration=\"false\" data-decoration-size=\"small\" data-animation-delay=\"0\" data-parallax=\"false\" data-coordinatex=\"0\" data-coordinatey=\"0\" data-speed=\"1\" class=\"et-custom-image  alignnone overlay-none curtain-left\"><div class=\"overlay-hover\"><div class=\"image\"><div class=\"image-container\"><img loading=\"lazy\" decoding=\"async\" width=\"2900\" height=\"1017\" src=\"https:\/\/ofakgp.com\/wp-content\/uploads\/fret-maritime-label-1.png\" alt=\"\"><\/div><\/div><\/div><\/div>[\/vc_column][vc_column width=\u00a0\u00bb1\/2&Prime;]<div data-curtain=\"false\" data-preloader=\"false\" data-decoration=\"false\" data-decoration-size=\"small\" data-animation-delay=\"0\" data-parallax=\"false\" data-coordinatex=\"0\" data-coordinatey=\"0\" data-speed=\"1\" class=\"et-custom-image  alignnone overlay-none curtain-left\"><div class=\"overlay-hover\"><div class=\"image\"><div class=\"image-container\"><img loading=\"lazy\" decoding=\"async\" width=\"600\" height=\"297\" src=\"https:\/\/ofakgp.com\/wp-content\/uploads\/fret-mait.webp\" alt=\"\"><\/div><\/div><\/div><\/div>[\/vc_column][\/vc_row][vc_row full_width=\u00a0\u00bbstretch_row\u00a0\u00bb gap=\u00a0\u00bb16&Prime; equal_height=\u00a0\u00bbyes\u00a0\u00bb content_placement=\u00a0\u00bbmiddle\u00a0\u00bb css=\u00a0\u00bb.vc_custom_1716908196841{padding-top: 120px !important;padding-bottom: 72px !important;background-color: #ffffff !important;}\u00a0\u00bb][vc_column width=\u00a0\u00bb1\/2&Prime;]<div data-curtain=\"false\" data-preloader=\"false\" data-decoration=\"false\" data-decoration-size=\"small\" data-animation-delay=\"0\" data-parallax=\"false\" data-coordinatex=\"0\" data-coordinatey=\"0\" data-speed=\"1\" class=\"et-custom-image  alignnone overlay-none curtain-left\"><div class=\"overlay-hover\"><div class=\"image\"><div class=\"image-container\"><img loading=\"lazy\" decoding=\"async\" width=\"669\" height=\"723\" src=\"https:\/\/ofakgp.com\/wp-content\/uploads\/Nos-Tarifs-poids-e1726315724654.png\" alt=\"\"><\/div><\/div><\/div><\/div>[\/vc_column][vc_column width=\u00a0\u00bb1\/2&Prime;]<div data-curtain=\"false\" data-preloader=\"false\" data-decoration=\"false\" data-decoration-size=\"small\" data-animation-delay=\"0\" data-parallax=\"false\" data-coordinatex=\"0\" data-coordinatey=\"0\" data-speed=\"1\" class=\"et-custom-image  alignnone overlay-none curtain-left\"><div class=\"overlay-hover\"><div class=\"image\"><div class=\"image-container\"><img loading=\"lazy\" decoding=\"async\" width=\"573\" height=\"556\" src=\"https:\/\/ofakgp.com\/wp-content\/uploads\/futofak.jpeg\" alt=\"\"><\/div><\/div><\/div><\/div>[\/vc_column][\/vc_row][vc_row full_width=\u00a0\u00bbstretch_row\u00a0\u00bb gap=\u00a0\u00bb16&Prime; equal_height=\u00a0\u00bbyes\u00a0\u00bb content_placement=\u00a0\u00bbmiddle\u00a0\u00bb css=\u00a0\u00bb.vc_custom_1716908196841{padding-top: 120px !important;padding-bottom: 72px !important;background-color: #ffffff !important;}\u00a0\u00bb][vc_column width=\u00a0\u00bb1\/2&Prime;][vc_column_text]<img loading=\"lazy\" decoding=\"async\" class=\"wp-image-14160 alignleft\" src=\"https:\/\/ofakgp.com\/wp-content\/uploads\/rectangle-bleu.png\" alt=\"\" width=\"48\" height=\"42\" \/> <strong>Frais de douane<\/strong> : 25 % de la valeur (si neuf)<\/p>\n<p><strong>Occasion<\/strong> : Pas de frais de douane<\/p>\n<p>&nbsp;<\/p>\n<p><img loading=\"lazy\" decoding=\"async\" class=\"wp-image-14161 alignleft\" src=\"https:\/\/ofakgp.com\/wp-content\/uploads\/rectangle-orange.png\" alt=\"\" width=\"48\" height=\"44\" \/><\/p>\n<p>D\u00e9lai de r\u00e9ception moins de 1 mois 15 jours \/ 45 jours[\/vc_column_text][\/vc_column][vc_column width=\u00a0\u00bb1\/2&Prime;]<div data-curtain=\"false\" data-preloader=\"false\" data-decoration=\"false\" data-decoration-size=\"small\" data-animation-delay=\"0\" data-parallax=\"false\" data-coordinatex=\"0\" data-coordinatey=\"0\" data-speed=\"1\" class=\"et-custom-image  alignnone overlay-none curtain-left\"><div class=\"overlay-hover\"><div class=\"image\"><div class=\"image-container\"><img loading=\"lazy\" decoding=\"async\" width=\"617\" height=\"571\" src=\"https:\/\/ofakgp.com\/wp-content\/uploads\/vehiculeofak.jpg\" alt=\"\"><\/div><\/div><\/div><\/div>[\/vc_column][\/vc_row][vc_row full_width=\u00a0\u00bbstretch_row\u00a0\u00bb gap=\u00a0\u00bb16&Prime; equal_height=\u00a0\u00bbyes\u00a0\u00bb content_placement=\u00a0\u00bbmiddle\u00a0\u00bb css=\u00a0\u00bb.vc_custom_1716908196841{padding-top: 120px !important;padding-bottom: 72px !important;background-color: #ffffff !important;}\u00a0\u00bb][vc_column width=\u00a0\u00bb1\/2&Prime;]<div data-curtain=\"false\" data-preloader=\"false\" data-decoration=\"false\" data-decoration-size=\"small\" data-animation-delay=\"0\" data-parallax=\"false\" data-coordinatex=\"0\" data-coordinatey=\"0\" data-speed=\"1\" class=\"et-custom-image  alignnone overlay-none curtain-left\"><div class=\"overlay-hover\"><div class=\"image\"><div class=\"image-container\"><img loading=\"lazy\" decoding=\"async\" width=\"532\" height=\"559\" src=\"https:\/\/ofakgp.com\/wp-content\/uploads\/frigofak.jpeg\" alt=\"\"><\/div><\/div><\/div><\/div>[\/vc_column][vc_column width=\u00a0\u00bb1\/2&Prime;]<div data-curtain=\"false\" data-preloader=\"false\" data-decoration=\"false\" data-decoration-size=\"small\" data-animation-delay=\"0\" data-parallax=\"false\" data-coordinatex=\"0\" data-coordinatey=\"0\" data-speed=\"1\" class=\"et-custom-image  alignnone overlay-none curtain-left\"><div class=\"overlay-hover\"><div class=\"image\"><div class=\"image-container\"><img loading=\"lazy\" decoding=\"async\" width=\"526\" height=\"563\" src=\"https:\/\/ofakgp.com\/wp-content\/uploads\/Conteneurofak.jpeg\" alt=\"\"><\/div><\/div><\/div><\/div>[\/vc_column][\/vc_row][vc_row full_width=\u00a0\u00bbstretch_row\u00a0\u00bb gap=\u00a0\u00bb16&Prime; equal_height=\u00a0\u00bbyes\u00a0\u00bb content_placement=\u00a0\u00bbmiddle\u00a0\u00bb css=\u00a0\u00bb.vc_custom_1716915568029{background-color: #ffffff !important;}\u00a0\u00bb][vc_column][vc_column_text]<img loading=\"lazy\" decoding=\"async\" class=\"wp-image-14160 alignleft\" src=\"https:\/\/ofakgp.com\/wp-content\/uploads\/rectangle-bleu.png\" alt=\"\" width=\"48\" height=\"42\" \/><\/p>\n<p style=\"text-align: left;\"><strong>Exemple de colis encombrants<\/strong>: Matelas, meuble non d\u00e9mont\u00e9, v\u00e9lo, canap\u00e9, t\u00e9l\u00e9.<\/p>\n<p>&nbsp;<\/p>\n<p><img loading=\"lazy\" decoding=\"async\" class=\"wp-image-14161 alignleft\" src=\"https:\/\/ofakgp.com\/wp-content\/uploads\/rectangle-orange.png\" alt=\"\" width=\"48\" height=\"44\" \/><\/p>\n<p style=\"text-align: left;\">D\u00e9p\u00f4t et enl\u00e8vement possible par nos agents (frais \u00e0 la charge du client)<\/p>\n<p>[\/vc_column_text][\/vc_column][\/vc_row][vc_row full_width=\u00a0\u00bbstretch_row\u00a0\u00bb gap=\u00a0\u00bb16&Prime; equal_height=\u00a0\u00bbyes\u00a0\u00bb content_placement=\u00a0\u00bbmiddle\u00a0\u00bb css=\u00a0\u00bb.vc_custom_1716915512311{padding-top: 72px !important;padding-bottom: 72px !important;background-color: #ffffff !important;}\u00a0\u00bb][vc_column width=\u00a0\u00bb1\/2&Prime;]<div data-curtain=\"false\" data-preloader=\"false\" data-decoration=\"false\" data-decoration-size=\"small\" data-animation-delay=\"0\" data-parallax=\"false\" data-coordinatex=\"0\" data-coordinatey=\"0\" data-speed=\"1\" class=\"et-custom-image  alignnone overlay-none curtain-left\"><div class=\"overlay-hover\"><div class=\"image\"><div class=\"image-container\"><img loading=\"lazy\" decoding=\"async\" width=\"1200\" height=\"484\" src=\"https:\/\/ofakgp.com\/wp-content\/uploads\/livraison-de-courses-a-domicile-1200x484-1.webp\" alt=\"\"><\/div><\/div><\/div><\/div>[\/vc_column][vc_column width=\u00a0\u00bb1\/2&Prime;]<div data-curtain=\"false\" data-preloader=\"false\" data-decoration=\"false\" data-decoration-size=\"small\" data-animation-delay=\"0\" data-parallax=\"false\" data-coordinatex=\"0\" data-coordinatey=\"0\" data-speed=\"1\" class=\"et-custom-image  alignnone overlay-none curtain-left\"><div class=\"overlay-hover\"><div class=\"image\"><div class=\"image-container\"><img loading=\"lazy\" decoding=\"async\" width=\"3625\" height=\"1017\" src=\"https:\/\/ofakgp.com\/wp-content\/uploads\/achat-ou-livraison-label-1.png\" alt=\"\"><\/div><\/div><\/div><\/div>[\/vc_column][\/vc_row][vc_row][vc_column][\/vc_column][\/vc_row][vc_row][vc_column][vc_btn title=\u00a0\u00bbConditions d&rsquo;exp\u00e9dition de vos marchandises\u00a0\u00bb style=\u00a0\u00bbcustom\u00a0\u00bb custom_background=\u00a0\u00bb#309be3&Prime; custom_text=\u00a0\u00bb#ffffff\u00a0\u00bb align=\u00a0\u00bbcenter\u00a0\u00bb css_animation=\u00a0\u00bbrotateIn\u00a0\u00bb el_class=\u00a0\u00bbpop-cond-exp\u00a0\u00bb link=\u00a0\u00bburl:https%3A%2F%2Fofakgp.com%2F%3Fpage_id%3D14499|title:Conditions\u00a0\u00bb]<a target=\"_self\" href=\"https:\/\/ofakgp.com\/?page_id=8112\" id=\"et-line-button-1\" style=\"\" class=\"et-line-button  modal-false false\"><span class=\"text\">Demande de devis \/ cotation<\/span><span style=\"\" class=\"line-before line\"><\/span><span style=\"\" class=\"line-after line\"><\/span><\/a>[\/vc_column][\/vc_row]<\/p>\n<\/div>","protected":false},"excerpt":{"rendered":"<p>Leverage agile frameworks to provide a robust synopsis for high level overviews. Iterative approaches to corporate strategy foster collaborative thinking to further the overall value proposition. Organically grow the holistic world view of disruptive innovation via workplace diversity and empowerment.<\/p>\n","protected":false},"author":1,"featured_media":0,"parent":0,"menu_order":0,"comment_status":"closed","ping_status":"closed","template":"page-vc.php","meta":{"footnotes":""},"class_list":["post-8459","page","type-page","status-publish","hentry"],"yoast_head":"<!-- This site is optimized with the Yoast SEO plugin v27.5 - https:\/\/yoast.com\/product\/yoast-seo-wordpress\/ -->\n<title>Nos tarifs - OFAK GP<\/title>\n<meta name=\"robots\" content=\"index, follow, max-snippet:-1, max-image-preview:large, max-video-preview:-1\" \/>\n<link rel=\"canonical\" href=\"https:\/\/ofakgp.com\/?page_id=8459\" \/>\n<meta property=\"og:locale\" content=\"fr_FR\" \/>\n<meta property=\"og:type\" content=\"article\" \/>\n<meta property=\"og:title\" content=\"Nos tarifs - OFAK GP\" \/>\n<meta property=\"og:description\" content=\"Leverage agile frameworks to provide a robust synopsis for high level overviews. Iterative approaches to corporate strategy foster collaborative thinking to further the overall value proposition. Organically grow the holistic world view of disruptive innovation via workplace diversity and empowerment.\" \/>\n<meta property=\"og:url\" content=\"https:\/\/ofakgp.com\/?page_id=8459\" \/>\n<meta property=\"og:site_name\" content=\"OFAK GP\" \/>\n<meta property=\"article:publisher\" content=\"https:\/\/www.facebook.com\/OfakgpEnvoidecolisparisouagatransportdecolis\" \/>\n<meta property=\"article:modified_time\" content=\"2024-10-17T04:24:44+00:00\" \/>\n<meta property=\"og:image\" content=\"https:\/\/ofakgp.com\/wp-content\/uploads\/rectangle-bleu.png\" \/>\n<meta name=\"twitter:card\" content=\"summary_large_image\" \/>\n<meta name=\"twitter:site\" content=\"@ofakgp\" \/>\n<meta name=\"twitter:label1\" content=\"Dur\u00e9e de lecture estim\u00e9e\" \/>\n\t<meta name=\"twitter:data1\" content=\"6 minutes\" \/>\n<script type=\"application\/ld+json\" class=\"yoast-schema-graph\">{\"@context\":\"https:\\\/\\\/schema.org\",\"@graph\":[{\"@type\":\"WebPage\",\"@id\":\"https:\\\/\\\/ofakgp.com\\\/?page_id=8459\",\"url\":\"https:\\\/\\\/ofakgp.com\\\/?page_id=8459\",\"name\":\"Nos tarifs - OFAK GP\",\"isPartOf\":{\"@id\":\"https:\\\/\\\/ofakgp.com\\\/#website\"},\"primaryImageOfPage\":{\"@id\":\"https:\\\/\\\/ofakgp.com\\\/?page_id=8459#primaryimage\"},\"image\":{\"@id\":\"https:\\\/\\\/ofakgp.com\\\/?page_id=8459#primaryimage\"},\"thumbnailUrl\":\"https:\\\/\\\/ofakgp.com\\\/wp-content\\\/uploads\\\/rectangle-bleu.png\",\"datePublished\":\"2024-05-27T19:56:58+00:00\",\"dateModified\":\"2024-10-17T04:24:44+00:00\",\"breadcrumb\":{\"@id\":\"https:\\\/\\\/ofakgp.com\\\/?page_id=8459#breadcrumb\"},\"inLanguage\":\"fr-FR\",\"potentialAction\":[{\"@type\":\"ReadAction\",\"target\":[\"https:\\\/\\\/ofakgp.com\\\/?page_id=8459\"]}]},{\"@type\":\"ImageObject\",\"inLanguage\":\"fr-FR\",\"@id\":\"https:\\\/\\\/ofakgp.com\\\/?page_id=8459#primaryimage\",\"url\":\"https:\\\/\\\/ofakgp.com\\\/wp-content\\\/uploads\\\/rectangle-bleu.png\",\"contentUrl\":\"https:\\\/\\\/ofakgp.com\\\/wp-content\\\/uploads\\\/rectangle-bleu.png\",\"width\":134,\"height\":120},{\"@type\":\"BreadcrumbList\",\"@id\":\"https:\\\/\\\/ofakgp.com\\\/?page_id=8459#breadcrumb\",\"itemListElement\":[{\"@type\":\"ListItem\",\"position\":1,\"name\":\"Home\",\"item\":\"https:\\\/\\\/ofakgp.com\\\/\"},{\"@type\":\"ListItem\",\"position\":2,\"name\":\"Nos tarifs\"}]},{\"@type\":\"WebSite\",\"@id\":\"https:\\\/\\\/ofakgp.com\\\/#website\",\"url\":\"https:\\\/\\\/ofakgp.com\\\/\",\"name\":\"OFAK GP\",\"description\":\"Transport de marchandises Paris vers Ouaga\",\"publisher\":{\"@id\":\"https:\\\/\\\/ofakgp.com\\\/#organization\"},\"potentialAction\":[{\"@type\":\"SearchAction\",\"target\":{\"@type\":\"EntryPoint\",\"urlTemplate\":\"https:\\\/\\\/ofakgp.com\\\/?s={search_term_string}\"},\"query-input\":{\"@type\":\"PropertyValueSpecification\",\"valueRequired\":true,\"valueName\":\"search_term_string\"}}],\"inLanguage\":\"fr-FR\"},{\"@type\":\"Organization\",\"@id\":\"https:\\\/\\\/ofakgp.com\\\/#organization\",\"name\":\"OFAK GP\",\"url\":\"https:\\\/\\\/ofakgp.com\\\/\",\"logo\":{\"@type\":\"ImageObject\",\"inLanguage\":\"fr-FR\",\"@id\":\"https:\\\/\\\/ofakgp.com\\\/#\\\/schema\\\/logo\\\/image\\\/\",\"url\":\"https:\\\/\\\/ofakgp.com\\\/wp-content\\\/uploads\\\/cropped-Logo-OFAK-GP.png\",\"contentUrl\":\"https:\\\/\\\/ofakgp.com\\\/wp-content\\\/uploads\\\/cropped-Logo-OFAK-GP.png\",\"width\":512,\"height\":512,\"caption\":\"OFAK GP\"},\"image\":{\"@id\":\"https:\\\/\\\/ofakgp.com\\\/#\\\/schema\\\/logo\\\/image\\\/\"},\"sameAs\":[\"https:\\\/\\\/www.facebook.com\\\/OfakgpEnvoidecolisparisouagatransportdecolis\",\"https:\\\/\\\/x.com\\\/ofakgp\"]}]}<\/script>\n<!-- \/ Yoast SEO plugin. -->","yoast_head_json":{"title":"Nos tarifs - OFAK GP","robots":{"index":"index","follow":"follow","max-snippet":"max-snippet:-1","max-image-preview":"max-image-preview:large","max-video-preview":"max-video-preview:-1"},"canonical":"https:\/\/ofakgp.com\/?page_id=8459","og_locale":"fr_FR","og_type":"article","og_title":"Nos tarifs - OFAK GP","og_description":"Leverage agile frameworks to provide a robust synopsis for high level overviews. Iterative approaches to corporate strategy foster collaborative thinking to further the overall value proposition. Organically grow the holistic world view of disruptive innovation via workplace diversity and empowerment.","og_url":"https:\/\/ofakgp.com\/?page_id=8459","og_site_name":"OFAK GP","article_publisher":"https:\/\/www.facebook.com\/OfakgpEnvoidecolisparisouagatransportdecolis","article_modified_time":"2024-10-17T04:24:44+00:00","og_image":[{"url":"https:\/\/ofakgp.com\/wp-content\/uploads\/rectangle-bleu.png","type":"","width":"","height":""}],"twitter_card":"summary_large_image","twitter_site":"@ofakgp","twitter_misc":{"Dur\u00e9e de lecture estim\u00e9e":"6 minutes"},"schema":{"@context":"https:\/\/schema.org","@graph":[{"@type":"WebPage","@id":"https:\/\/ofakgp.com\/?page_id=8459","url":"https:\/\/ofakgp.com\/?page_id=8459","name":"Nos tarifs - OFAK GP","isPartOf":{"@id":"https:\/\/ofakgp.com\/#website"},"primaryImageOfPage":{"@id":"https:\/\/ofakgp.com\/?page_id=8459#primaryimage"},"image":{"@id":"https:\/\/ofakgp.com\/?page_id=8459#primaryimage"},"thumbnailUrl":"https:\/\/ofakgp.com\/wp-content\/uploads\/rectangle-bleu.png","datePublished":"2024-05-27T19:56:58+00:00","dateModified":"2024-10-17T04:24:44+00:00","breadcrumb":{"@id":"https:\/\/ofakgp.com\/?page_id=8459#breadcrumb"},"inLanguage":"fr-FR","potentialAction":[{"@type":"ReadAction","target":["https:\/\/ofakgp.com\/?page_id=8459"]}]},{"@type":"ImageObject","inLanguage":"fr-FR","@id":"https:\/\/ofakgp.com\/?page_id=8459#primaryimage","url":"https:\/\/ofakgp.com\/wp-content\/uploads\/rectangle-bleu.png","contentUrl":"https:\/\/ofakgp.com\/wp-content\/uploads\/rectangle-bleu.png","width":134,"height":120},{"@type":"BreadcrumbList","@id":"https:\/\/ofakgp.com\/?page_id=8459#breadcrumb","itemListElement":[{"@type":"ListItem","position":1,"name":"Home","item":"https:\/\/ofakgp.com\/"},{"@type":"ListItem","position":2,"name":"Nos tarifs"}]},{"@type":"WebSite","@id":"https:\/\/ofakgp.com\/#website","url":"https:\/\/ofakgp.com\/","name":"OFAK GP","description":"Transport de marchandises Paris vers Ouaga","publisher":{"@id":"https:\/\/ofakgp.com\/#organization"},"potentialAction":[{"@type":"SearchAction","target":{"@type":"EntryPoint","urlTemplate":"https:\/\/ofakgp.com\/?s={search_term_string}"},"query-input":{"@type":"PropertyValueSpecification","valueRequired":true,"valueName":"search_term_string"}}],"inLanguage":"fr-FR"},{"@type":"Organization","@id":"https:\/\/ofakgp.com\/#organization","name":"OFAK GP","url":"https:\/\/ofakgp.com\/","logo":{"@type":"ImageObject","inLanguage":"fr-FR","@id":"https:\/\/ofakgp.com\/#\/schema\/logo\/image\/","url":"https:\/\/ofakgp.com\/wp-content\/uploads\/cropped-Logo-OFAK-GP.png","contentUrl":"https:\/\/ofakgp.com\/wp-content\/uploads\/cropped-Logo-OFAK-GP.png","width":512,"height":512,"caption":"OFAK GP"},"image":{"@id":"https:\/\/ofakgp.com\/#\/schema\/logo\/image\/"},"sameAs":["https:\/\/www.facebook.com\/OfakgpEnvoidecolisparisouagatransportdecolis","https:\/\/x.com\/ofakgp"]}]}},"_links":{"self":[{"href":"https:\/\/ofakgp.com\/index.php?rest_route=\/wp\/v2\/pages\/8459","targetHints":{"allow":["GET"]}}],"collection":[{"href":"https:\/\/ofakgp.com\/index.php?rest_route=\/wp\/v2\/pages"}],"about":[{"href":"https:\/\/ofakgp.com\/index.php?rest_route=\/wp\/v2\/types\/page"}],"author":[{"embeddable":true,"href":"https:\/\/ofakgp.com\/index.php?rest_route=\/wp\/v2\/users\/1"}],"replies":[{"embeddable":true,"href":"https:\/\/ofakgp.com\/index.php?rest_route=%2Fwp%2Fv2%2Fcomments&post=8459"}],"version-history":[{"count":75,"href":"https:\/\/ofakgp.com\/index.php?rest_route=\/wp\/v2\/pages\/8459\/revisions"}],"predecessor-version":[{"id":14501,"href":"https:\/\/ofakgp.com\/index.php?rest_route=\/wp\/v2\/pages\/8459\/revisions\/14501"}],"wp:attachment":[{"href":"https:\/\/ofakgp.com\/index.php?rest_route=%2Fwp%2Fv2%2Fmedia&parent=8459"}],"curies":[{"name":"wp","href":"https:\/\/api.w.org\/{rel}","templated":true}]}}