{"id":8112,"date":"2024-05-28T19:30:07","date_gmt":"2024-05-28T17:30:07","guid":{"rendered":"https:\/\/enovathemes.com\/globax\/?page_id=8112"},"modified":"2024-06-07T23:14:20","modified_gmt":"2024-06-07T21:14:20","slug":"demande-de-cotation-devis","status":"publish","type":"page","link":"https:\/\/ofakgp.com\/?page_id=8112","title":{"rendered":"Demande de cotation devis"},"content":{"rendered":"<div class=\"wpb-content-wrapper\"><p>[vc_row gap=\u00a0\u00bb80&Prime; css=\u00a0\u00bb.vc_custom_1530533604775{padding-top: 40px !important;padding-bottom: 40px !important;}\u00a0\u00bb][vc_column animation_delay=\u00a0\u00bb0&Prime; offset=\u00a0\u00bbvc_col-lg-8 vc_col-md-8 vc_col-xs-12&Prime;]<h3 id=\"et-animated-title-1\" class=\"et-animated-title et-clearfix  words-direct\" data-mobile-font=\"24px\" data-tablet-font=\"32px\" data-delay=\"\" style=\"font-size:48px;font-weight:700;line-height:56px;color:#212121;\"><span class=\"text-wrapper\"><span class=\"text\">Demande de cotation \/ devis<\/span><\/span><\/h3><div class=\"gap et-clearfix \" style=\"height:2px\"><\/div><h3 id=\"et-animated-title-2\" class=\"et-animated-title et-clearfix  letter-direct\" data-mobile-font=\"inherit\" data-tablet-font=\"inherit\" data-delay=\"200\" style=\"font-size:24px;font-weight:700;line-height:32px;color:#ed1b24;\"><span class=\"text-wrapper\"><span class=\"text\">Nous contacter<\/span><\/span><\/h3><div class=\"gap et-clearfix \" style=\"height:32px\"><\/div><div class=\"et-simple-braket-block-wrapper\"><style>#et-simple-braket-block-1 .braket-text {font-size:24px;font-weight:400;line-height:32px;}#et-simple-braket-block-1 .braket > div  {background-color:#309be3;}<\/style><div id=\"et-simple-braket-block-1\" class=\"et-simple-braket-block \"><div class=\"braket\"><div><\/div><div><\/div><div><\/div><\/div><div class=\"braket-text\" data-mobile-font=\"inherit\" data-tablet-font=\"inherit\">Pour vos besoins de groupage, transit et autres prestations (exp\u00e9dition suite \u00e0 un appel d\u2019offre, etc\u2026), merci de compl\u00e9ter le formulaire ci-dessous, ou envoyez-nous un e-mail \u00e0 commercial@ofakgp.com.<\/div><\/div><\/div><div class=\"gap et-clearfix \" style=\"height:32px\"><\/div><h3 class=\"et-highlight-title \" style=\"font-weight:700;color:#9a9a9a;\" data-mobile-font=\"inherit\" data-tablet-font=\"inherit\"><span class=\"title-inner\">Veuillez fournirs vos informations<span class=\"highlight-line\" style=\"background-color:#309be3;\"><\/span><\/span><\/h3>[\/vc_column][vc_column animation_delay=\u00a0\u00bb0&Prime; offset=\u00a0\u00bbvc_col-lg-4 vc_hidden-lg vc_col-md-4 vc_hidden-md vc_hidden-sm vc_col-xs-12 vc_hidden-xs\u00a0\u00bb][\/vc_column][\/vc_row][vc_row css=\u00a0\u00bb.vc_custom_1717793408200{padding-top: 20px !important;padding-bottom: 24px !important;}\u00a0\u00bb][vc_column animation_delay=\u00a0\u00bb0&Prime; el_class=\u00a0\u00bbcontact-form-button-full\u00a0\u00bb]\n<div class=\"wpcf7 no-js\" id=\"wpcf7-f13418-o1\" lang=\"en-US\" dir=\"ltr\">\n<div class=\"screen-reader-response\"><p role=\"status\" aria-live=\"polite\" aria-atomic=\"true\"><\/p> <ul><\/ul><\/div>\n<form action=\"\/index.php?rest_route=%2Fwp%2Fv2%2Fpages%2F8112#wpcf7-f13418-o1\" method=\"post\" class=\"wpcf7-form init\" aria-label=\"Contact form\" novalidate=\"novalidate\" data-status=\"init\">\n<div style=\"display: none;\">\n<input type=\"hidden\" name=\"_wpcf7\" value=\"13418\" \/>\n<input type=\"hidden\" name=\"_wpcf7_version\" value=\"5.9.8\" \/>\n<input type=\"hidden\" name=\"_wpcf7_locale\" value=\"en_US\" \/>\n<input type=\"hidden\" name=\"_wpcf7_unit_tag\" value=\"wpcf7-f13418-o1\" \/>\n<input type=\"hidden\" name=\"_wpcf7_container_post\" value=\"0\" \/>\n<input type=\"hidden\" name=\"_wpcf7_posted_data_hash\" value=\"\" \/>\n<\/div>\n<div class=\"inline-row et-clearfix\" style=\"margin:0px -12px 0px -12px;\"><br \/>\n<div class=\"inline-column et-clearfix\" style=\"width:50%; padding:0px 12px 0px 12px;\"><br \/>\n<span class=\"wpcf7-form-control-wrap\" data-name=\"client-name\"><input size=\"40\" maxlength=\"400\" class=\"wpcf7-form-control wpcf7-text wpcf7-validates-as-required\" aria-required=\"true\" aria-invalid=\"false\" placeholder=\"Nom\" value=\"\" type=\"text\" name=\"client-name\" \/><\/span><br \/>\n<span class=\"wpcf7-form-control-wrap\" data-name=\"company\"><input size=\"40\" maxlength=\"400\" class=\"wpcf7-form-control wpcf7-text wpcf7-validates-as-required\" aria-required=\"true\" aria-invalid=\"false\" placeholder=\"Structure \/ Entreprise\" value=\"\" type=\"text\" name=\"company\" \/><\/span><br \/>\n<span class=\"wpcf7-form-control-wrap\" data-name=\"email\"><input size=\"40\" maxlength=\"400\" class=\"wpcf7-form-control wpcf7-email wpcf7-validates-as-required wpcf7-text wpcf7-validates-as-email\" aria-required=\"true\" aria-invalid=\"false\" placeholder=\"Email\" value=\"\" type=\"email\" name=\"email\" \/><\/span><br \/>\n<span class=\"wpcf7-form-control-wrap\" data-name=\"tel\"><input size=\"40\" maxlength=\"400\" class=\"wpcf7-form-control wpcf7-tel wpcf7-validates-as-required wpcf7-text wpcf7-validates-as-tel\" aria-required=\"true\" aria-invalid=\"false\" value=\"Num\u00e9ro de t\u00e9l\u00e9phone\" type=\"tel\" name=\"tel\" \/><\/span><br \/>\n<\/div>\n<div class=\"inline-column et-clearfix\" style=\"width:50%; padding:0px 12px 0px 12px;\">\n<\/p>\n<p><span class=\"wpcf7-form-control-wrap\" data-name=\"checkbox-448\"><span class=\"wpcf7-form-control wpcf7-checkbox wpcf7-validates-as-required\"><span class=\"wpcf7-list-item first\"><label><input type=\"checkbox\" name=\"checkbox-448&#091;&#093;\" value=\"Achat international\" \/><span class=\"wpcf7-list-item-label\">Achat international<\/span><\/label><\/span><span class=\"wpcf7-list-item\"><label><input type=\"checkbox\" name=\"checkbox-448&#091;&#093;\" value=\"Groupage a\u00e9rien\" \/><span class=\"wpcf7-list-item-label\">Groupage a\u00e9rien<\/span><\/label><\/span><span class=\"wpcf7-list-item\"><label><input type=\"checkbox\" name=\"checkbox-448&#091;&#093;\" value=\"Achat marchandises chez un fournisseur\" \/><span class=\"wpcf7-list-item-label\">Achat marchandises chez un fournisseur<\/span><\/label><\/span><span class=\"wpcf7-list-item\"><label><input type=\"checkbox\" name=\"checkbox-448&#091;&#093;\" value=\"Fret maritime\" \/><span class=\"wpcf7-list-item-label\">Fret maritime<\/span><\/label><\/span><span class=\"wpcf7-list-item\"><label><input type=\"checkbox\" name=\"checkbox-448&#091;&#093;\" value=\"Formalit\u00e9s douani\u00e8res\" \/><span class=\"wpcf7-list-item-label\">Formalit\u00e9s douani\u00e8res<\/span><\/label><\/span><span class=\"wpcf7-list-item last\"><label><input type=\"checkbox\" name=\"checkbox-448&#091;&#093;\" value=\"Envoi express (Pour un envoi urgent nous contacter sur WhatsApp svp)\" \/><span class=\"wpcf7-list-item-label\">Envoi express (Pour un envoi urgent nous contacter sur WhatsApp svp)<\/span><\/label><\/span><\/span><\/span><br \/>\n<span class=\"wpcf7-form-control-wrap\" data-name=\"payload\"><input size=\"40\" maxlength=\"400\" class=\"wpcf7-form-control wpcf7-text wpcf7-validates-as-required\" aria-required=\"true\" aria-invalid=\"false\" placeholder=\"Poids en kg\" value=\"\" type=\"text\" name=\"payload\" \/><\/span><span class=\"wpcf7-form-control-wrap\" data-name=\"dimensions\"><input size=\"40\" maxlength=\"400\" class=\"wpcf7-form-control wpcf7-text wpcf7-validates-as-required\" aria-required=\"true\" aria-invalid=\"false\" placeholder=\"Dimensions\" value=\"\" type=\"text\" name=\"dimensions\" \/><\/span><span class=\"wpcf7-form-control-wrap\" data-name=\"additional\"><textarea cols=\"40\" rows=\"10\" maxlength=\"2000\" class=\"wpcf7-form-control wpcf7-textarea\" aria-invalid=\"false\" placeholder=\"Autres informations ou requettes\" name=\"additional\"><\/textarea><\/span><div class=\"inline-column et-clearfix\" style=\"width:100%; padding:0px 12px 0px 12px;\"><\/div><input class=\"wpcf7-form-control wpcf7-submit has-spinner\" type=\"submit\" value=\"Obtenir le devis\" \/><\/div><br \/>\n<\/div><div class=\"wpcf7-response-output\" aria-hidden=\"true\"><\/div>\n<\/form>\n<\/div>\n[\/vc_column][\/vc_row][vc_row full_width=\u00a0\u00bbstretch_row\u00a0\u00bb gap=\u00a0\u00bb40&Prime; css=\u00a0\u00bb.vc_custom_1532443299053{padding-top: 96px !important;padding-bottom: 72px !important;background: #fd8c40 url(https:\/\/enovathemes.com\/globax\/wp-content\/uploads\/world2.jpg?id=12259) !important;background-position: center !important;background-repeat: no-repeat !important;background-size: cover !important;}\u00a0\u00bb][vc_column animation_delay=\u00a0\u00bb0&Prime; css_animation=\u00a0\u00bbbottom-to-top\u00a0\u00bb width=\u00a0\u00bb1\/3&Prime; el_class=\u00a0\u00bbtext-align-center\u00a0\u00bb]<div class=\"et-el-icon large \" style=\"color:#ffffff;\"><span class=\"el-icon fa fa-map-marker-alt animate-false\"><\/span><\/div><div class=\"gap et-clearfix \" style=\"height:16px\"><\/div>[vc_custom_heading text=\u00a0\u00bbADDRESSE\u00a0\u00bb font_container=\u00a0\u00bbtag:h6|font_size:18px|text_align:center|color:%23ffffff|line_height:32px\u00a0\u00bb use_theme_fonts=\u00a0\u00bbyes\u00a0\u00bb css=\u00a0\u00bb.vc_custom_1717747994124{margin-bottom: 0px !important;}\u00a0\u00bb][vc_custom_heading text=\u00a0\u00bb151 avenue du pr\u00e9sident wilson<br \/>\n93210 La plaine saint denis\u00a0\u00bb font_container=\u00a0\u00bbtag:p|font_size:18px|text_align:center|color:%23ffffff|line_height:32px\u00a0\u00bb use_theme_fonts=\u00a0\u00bbyes\u00a0\u00bb css=\u00a0\u00bb.vc_custom_1717748037985{margin-bottom: 0px !important;}\u00a0\u00bb][\/vc_column][vc_column animation_delay=\u00a0\u00bb150&Prime; css_animation=\u00a0\u00bbbottom-to-top\u00a0\u00bb width=\u00a0\u00bb1\/3&Prime; el_class=\u00a0\u00bbtext-align-center\u00a0\u00bb]<div class=\"et-el-icon large \" style=\"color:#ffffff;\"><span class=\"el-icon fa fa-phone animate-false\"><\/span><\/div><div class=\"gap et-clearfix \" style=\"height:16px\"><\/div>[vc_custom_heading text=\u00a0\u00bbTELEPHONE\u00a0\u00bb font_container=\u00a0\u00bbtag:h6|font_size:18px|text_align:center|color:%23ffffff|line_height:32px\u00a0\u00bb use_theme_fonts=\u00a0\u00bbyes\u00a0\u00bb css=\u00a0\u00bb.vc_custom_1532443361555{margin-bottom: 0px !important;}\u00a0\u00bb][vc_custom_heading text=\u00a0\u00bbParis : +33 7 53081116<br \/>\n+33 6 44883708<br \/>\nOuaga : +226 69152606<br \/>\n+226 56526921<br \/>\n+226 50241010&Prime; font_container=\u00a0\u00bbtag:p|font_size:18px|text_align:center|color:%23ffffff|line_height:32px\u00a0\u00bb use_theme_fonts=\u00a0\u00bbyes\u00a0\u00bb css=\u00a0\u00bb.vc_custom_1717787724948{margin-bottom: 0px !important;}\u00a0\u00bb][\/vc_column][vc_column animation_delay=\u00a0\u00bb300&Prime; css_animation=\u00a0\u00bbbottom-to-top\u00a0\u00bb width=\u00a0\u00bb1\/3&Prime; el_class=\u00a0\u00bbtext-align-center\u00a0\u00bb]<div class=\"et-el-icon large \" style=\"color:#ffffff;\"><span class=\"el-icon fa fa-envelope-open animate-false\"><\/span><\/div><div class=\"gap et-clearfix \" style=\"height:16px\"><\/div>[vc_custom_heading text=\u00a0\u00bbEMAIL\u00a0\u00bb font_container=\u00a0\u00bbtag:h6|font_size:18px|text_align:center|color:%23ffffff|line_height:32px\u00a0\u00bb use_theme_fonts=\u00a0\u00bbyes\u00a0\u00bb css=\u00a0\u00bb.vc_custom_1532443425197{margin-bottom: 0px !important;}\u00a0\u00bb][vc_custom_heading text=\u00a0\u00bbcommercial@ofakgp.com\u00a0\u00bb font_container=\u00a0\u00bbtag:p|font_size:18px|text_align:center|color:%23ffffff|line_height:32px\u00a0\u00bb use_theme_fonts=\u00a0\u00bbyes\u00a0\u00bb css=\u00a0\u00bb.vc_custom_1717787809273{margin-bottom: 0px !important;}\u00a0\u00bb][\/vc_column][\/vc_row]<\/p>\n<\/div>","protected":false},"excerpt":{"rendered":"<p>Leverage agile frameworks to provide a robust synopsis for high level overviews. Iterative approaches to corporate strategy foster collaborative thinking to further the overall value proposition. Organically grow the holistic world view of disruptive innovation via workplace diversity and empowerment.<\/p>\n","protected":false},"author":1,"featured_media":0,"parent":0,"menu_order":0,"comment_status":"closed","ping_status":"closed","template":"page-vc.php","meta":{"footnotes":""},"class_list":["post-8112","page","type-page","status-publish","hentry"],"yoast_head":"<!-- This site is optimized with the Yoast SEO plugin v27.5 - https:\/\/yoast.com\/product\/yoast-seo-wordpress\/ -->\n<title>Demande de cotation devis - OFAK GP<\/title>\n<meta name=\"robots\" content=\"index, follow, max-snippet:-1, max-image-preview:large, max-video-preview:-1\" \/>\n<link rel=\"canonical\" href=\"https:\/\/ofakgp.com\/?page_id=8112\" \/>\n<meta property=\"og:locale\" content=\"fr_FR\" \/>\n<meta property=\"og:type\" content=\"article\" \/>\n<meta property=\"og:title\" content=\"Demande de cotation devis - OFAK GP\" \/>\n<meta property=\"og:description\" content=\"Leverage agile frameworks to provide a robust synopsis for high level overviews. Iterative approaches to corporate strategy foster collaborative thinking to further the overall value proposition. Organically grow the holistic world view of disruptive innovation via workplace diversity and empowerment.\" \/>\n<meta property=\"og:url\" content=\"https:\/\/ofakgp.com\/?page_id=8112\" \/>\n<meta property=\"og:site_name\" content=\"OFAK GP\" \/>\n<meta property=\"article:publisher\" content=\"https:\/\/www.facebook.com\/OfakgpEnvoidecolisparisouagatransportdecolis\" \/>\n<meta property=\"article:modified_time\" content=\"2024-06-07T21:14:20+00:00\" \/>\n<meta name=\"twitter:card\" content=\"summary_large_image\" \/>\n<meta name=\"twitter:site\" content=\"@ofakgp\" \/>\n<meta name=\"twitter:label1\" content=\"Dur\u00e9e de lecture estim\u00e9e\" \/>\n\t<meta name=\"twitter:data1\" content=\"1 minute\" \/>\n<script type=\"application\/ld+json\" class=\"yoast-schema-graph\">{\"@context\":\"https:\\\/\\\/schema.org\",\"@graph\":[{\"@type\":\"WebPage\",\"@id\":\"https:\\\/\\\/ofakgp.com\\\/?page_id=8112\",\"url\":\"https:\\\/\\\/ofakgp.com\\\/?page_id=8112\",\"name\":\"Demande de cotation devis - OFAK GP\",\"isPartOf\":{\"@id\":\"https:\\\/\\\/ofakgp.com\\\/#website\"},\"datePublished\":\"2024-05-28T17:30:07+00:00\",\"dateModified\":\"2024-06-07T21:14:20+00:00\",\"breadcrumb\":{\"@id\":\"https:\\\/\\\/ofakgp.com\\\/?page_id=8112#breadcrumb\"},\"inLanguage\":\"fr-FR\",\"potentialAction\":[{\"@type\":\"ReadAction\",\"target\":[\"https:\\\/\\\/ofakgp.com\\\/?page_id=8112\"]}]},{\"@type\":\"BreadcrumbList\",\"@id\":\"https:\\\/\\\/ofakgp.com\\\/?page_id=8112#breadcrumb\",\"itemListElement\":[{\"@type\":\"ListItem\",\"position\":1,\"name\":\"Home\",\"item\":\"https:\\\/\\\/ofakgp.com\\\/\"},{\"@type\":\"ListItem\",\"position\":2,\"name\":\"Demande de cotation devis\"}]},{\"@type\":\"WebSite\",\"@id\":\"https:\\\/\\\/ofakgp.com\\\/#website\",\"url\":\"https:\\\/\\\/ofakgp.com\\\/\",\"name\":\"OFAK GP\",\"description\":\"Transport de marchandises Paris vers Ouaga\",\"publisher\":{\"@id\":\"https:\\\/\\\/ofakgp.com\\\/#organization\"},\"potentialAction\":[{\"@type\":\"SearchAction\",\"target\":{\"@type\":\"EntryPoint\",\"urlTemplate\":\"https:\\\/\\\/ofakgp.com\\\/?s={search_term_string}\"},\"query-input\":{\"@type\":\"PropertyValueSpecification\",\"valueRequired\":true,\"valueName\":\"search_term_string\"}}],\"inLanguage\":\"fr-FR\"},{\"@type\":\"Organization\",\"@id\":\"https:\\\/\\\/ofakgp.com\\\/#organization\",\"name\":\"OFAK GP\",\"url\":\"https:\\\/\\\/ofakgp.com\\\/\",\"logo\":{\"@type\":\"ImageObject\",\"inLanguage\":\"fr-FR\",\"@id\":\"https:\\\/\\\/ofakgp.com\\\/#\\\/schema\\\/logo\\\/image\\\/\",\"url\":\"https:\\\/\\\/ofakgp.com\\\/wp-content\\\/uploads\\\/cropped-Logo-OFAK-GP.png\",\"contentUrl\":\"https:\\\/\\\/ofakgp.com\\\/wp-content\\\/uploads\\\/cropped-Logo-OFAK-GP.png\",\"width\":512,\"height\":512,\"caption\":\"OFAK GP\"},\"image\":{\"@id\":\"https:\\\/\\\/ofakgp.com\\\/#\\\/schema\\\/logo\\\/image\\\/\"},\"sameAs\":[\"https:\\\/\\\/www.facebook.com\\\/OfakgpEnvoidecolisparisouagatransportdecolis\",\"https:\\\/\\\/x.com\\\/ofakgp\"]}]}<\/script>\n<!-- \/ Yoast SEO plugin. -->","yoast_head_json":{"title":"Demande de cotation devis - OFAK GP","robots":{"index":"index","follow":"follow","max-snippet":"max-snippet:-1","max-image-preview":"max-image-preview:large","max-video-preview":"max-video-preview:-1"},"canonical":"https:\/\/ofakgp.com\/?page_id=8112","og_locale":"fr_FR","og_type":"article","og_title":"Demande de cotation devis - OFAK GP","og_description":"Leverage agile frameworks to provide a robust synopsis for high level overviews. Iterative approaches to corporate strategy foster collaborative thinking to further the overall value proposition. Organically grow the holistic world view of disruptive innovation via workplace diversity and empowerment.","og_url":"https:\/\/ofakgp.com\/?page_id=8112","og_site_name":"OFAK GP","article_publisher":"https:\/\/www.facebook.com\/OfakgpEnvoidecolisparisouagatransportdecolis","article_modified_time":"2024-06-07T21:14:20+00:00","twitter_card":"summary_large_image","twitter_site":"@ofakgp","twitter_misc":{"Dur\u00e9e de lecture estim\u00e9e":"1 minute"},"schema":{"@context":"https:\/\/schema.org","@graph":[{"@type":"WebPage","@id":"https:\/\/ofakgp.com\/?page_id=8112","url":"https:\/\/ofakgp.com\/?page_id=8112","name":"Demande de cotation devis - OFAK GP","isPartOf":{"@id":"https:\/\/ofakgp.com\/#website"},"datePublished":"2024-05-28T17:30:07+00:00","dateModified":"2024-06-07T21:14:20+00:00","breadcrumb":{"@id":"https:\/\/ofakgp.com\/?page_id=8112#breadcrumb"},"inLanguage":"fr-FR","potentialAction":[{"@type":"ReadAction","target":["https:\/\/ofakgp.com\/?page_id=8112"]}]},{"@type":"BreadcrumbList","@id":"https:\/\/ofakgp.com\/?page_id=8112#breadcrumb","itemListElement":[{"@type":"ListItem","position":1,"name":"Home","item":"https:\/\/ofakgp.com\/"},{"@type":"ListItem","position":2,"name":"Demande de cotation devis"}]},{"@type":"WebSite","@id":"https:\/\/ofakgp.com\/#website","url":"https:\/\/ofakgp.com\/","name":"OFAK GP","description":"Transport de marchandises Paris vers Ouaga","publisher":{"@id":"https:\/\/ofakgp.com\/#organization"},"potentialAction":[{"@type":"SearchAction","target":{"@type":"EntryPoint","urlTemplate":"https:\/\/ofakgp.com\/?s={search_term_string}"},"query-input":{"@type":"PropertyValueSpecification","valueRequired":true,"valueName":"search_term_string"}}],"inLanguage":"fr-FR"},{"@type":"Organization","@id":"https:\/\/ofakgp.com\/#organization","name":"OFAK GP","url":"https:\/\/ofakgp.com\/","logo":{"@type":"ImageObject","inLanguage":"fr-FR","@id":"https:\/\/ofakgp.com\/#\/schema\/logo\/image\/","url":"https:\/\/ofakgp.com\/wp-content\/uploads\/cropped-Logo-OFAK-GP.png","contentUrl":"https:\/\/ofakgp.com\/wp-content\/uploads\/cropped-Logo-OFAK-GP.png","width":512,"height":512,"caption":"OFAK GP"},"image":{"@id":"https:\/\/ofakgp.com\/#\/schema\/logo\/image\/"},"sameAs":["https:\/\/www.facebook.com\/OfakgpEnvoidecolisparisouagatransportdecolis","https:\/\/x.com\/ofakgp"]}]}},"_links":{"self":[{"href":"https:\/\/ofakgp.com\/index.php?rest_route=\/wp\/v2\/pages\/8112","targetHints":{"allow":["GET"]}}],"collection":[{"href":"https:\/\/ofakgp.com\/index.php?rest_route=\/wp\/v2\/pages"}],"about":[{"href":"https:\/\/ofakgp.com\/index.php?rest_route=\/wp\/v2\/types\/page"}],"author":[{"embeddable":true,"href":"https:\/\/ofakgp.com\/index.php?rest_route=\/wp\/v2\/users\/1"}],"replies":[{"embeddable":true,"href":"https:\/\/ofakgp.com\/index.php?rest_route=%2Fwp%2Fv2%2Fcomments&post=8112"}],"version-history":[{"count":20,"href":"https:\/\/ofakgp.com\/index.php?rest_route=\/wp\/v2\/pages\/8112\/revisions"}],"predecessor-version":[{"id":14431,"href":"https:\/\/ofakgp.com\/index.php?rest_route=\/wp\/v2\/pages\/8112\/revisions\/14431"}],"wp:attachment":[{"href":"https:\/\/ofakgp.com\/index.php?rest_route=%2Fwp%2Fv2%2Fmedia&parent=8112"}],"curies":[{"name":"wp","href":"https:\/\/api.w.org\/{rel}","templated":true}]}}