{"id":8098,"date":"2024-05-27T20:40:39","date_gmt":"2024-05-27T18:40:39","guid":{"rendered":"https:\/\/enovathemes.com\/globax\/?page_id=8098"},"modified":"2024-10-17T12:05:10","modified_gmt":"2024-10-17T10:05:10","slug":"transport-marchandises-paris-ouaga-service","status":"publish","type":"page","link":"https:\/\/ofakgp.com\/?page_id=8098","title":{"rendered":"Nos Services"},"content":{"rendered":"<div class=\"wpb-content-wrapper\"><p>[vc_row gap=\u00a0\u00bb80&Prime; css=\u00a0\u00bb.vc_custom_1530533604775{padding-top: 40px !important;padding-bottom: 40px !important;}\u00a0\u00bb][vc_column width=\u00a0\u00bb2\/3&Prime;]<h3 id=\"et-animated-title-1\" class=\"et-animated-title et-clearfix  words-direct\" data-mobile-font=\"24px\" data-tablet-font=\"32px\" data-delay=\"\" style=\"font-size:48px;font-weight:700;line-height:56px;color:#212121;\"><span class=\"text-wrapper\"><span class=\"text\">Nos<\/span><\/span><\/h3><div class=\"gap et-clearfix \" style=\"height:2px\"><\/div><h3 id=\"et-animated-title-2\" class=\"et-animated-title et-clearfix  letter-direct\" data-mobile-font=\"inherit\" data-tablet-font=\"inherit\" data-delay=\"200\" style=\"font-size:24px;font-weight:700;line-height:32px;color:#ed1b24;\"><span class=\"text-wrapper\"><span class=\"text\">Services<\/span><\/span><\/h3><div class=\"gap et-clearfix \" style=\"height:32px\"><\/div><div class=\"et-simple-braket-block-wrapper\"><style>#et-simple-braket-block-1 .braket-text {font-size:24px;font-weight:400;line-height:32px;}#et-simple-braket-block-1 .braket > div  {background-color:#309be3;}<\/style><div id=\"et-simple-braket-block-1\" class=\"et-simple-braket-block \"><div class=\"braket\"><div><\/div><div><\/div><div><\/div><\/div><div class=\"braket-text\" data-mobile-font=\"inherit\" data-tablet-font=\"inherit\">Gr\u00e2ce \u00e0 notre r\u00e9seau int\u00e9gr\u00e9 et nos services flexibles, vos marchandises peuvent \u00eatre livr\u00e9es de l&#039;Europe vers l&#039;Afrique de l&#039;Ouest (Burkina Faso, Abidjan) :&lt;\/p&gt;\n&lt;p&gt;- En express en moins de 24h \u00e0 48h (2 \u00e0 3 d\u00e9parts par semaine)&lt;br \/&gt;\n- Par fret a\u00e9rien en 6 jours (1 d\u00e9part par semaine)&lt;br \/&gt;\n- Par voie maritime en 45 jours (2 d\u00e9parts par mois)<\/div><\/div><\/div>[\/vc_column][vc_column animation_delay=\u00a0\u00bb0&Prime; width=\u00a0\u00bb1\/3&Prime; css=\u00a0\u00bb.vc_custom_1530279884745{border-left-width: 1px !important;padding-left: 20% !important;border-left-color: #e0e0e0 !important;border-left-style: solid !important;border-radius: 1px !important;}\u00a0\u00bb el_class=\u00a0\u00bbet-element-column-with-border-left\u00a0\u00bb][vc_widget_sidebar sidebar_id=\u00a0\u00bbpage-4&Prime;][\/vc_column][\/vc_row][vc_row][vc_column]<div class=\"sep-wrap left   et-clearfix\" data-delay=\"0\"><div class=\"et-separator solid\" style=\"height:1px;width:100%;border-bottom-width:1px;border-bottom-style:solid;border-bottom-color:#e0e0e0;\"><\/div><\/div>[\/vc_column][\/vc_row][vc_row gap=\u00a0\u00bb80&Prime; css=\u00a0\u00bb.vc_custom_1531832833730{padding-top: 64px !important;padding-bottom: 48px !important;}\u00a0\u00bb][vc_column animation_delay=\u00a0\u00bb0&Prime; offset=\u00a0\u00bbvc_col-lg-6 vc_col-md-6 vc_col-xs-12&Prime;]<div data-curtain=\"true\" data-preloader=\"false\" data-decoration=\"false\" data-decoration-size=\"small\" data-animation-delay=\"100\" data-parallax=\"false\" data-coordinatex=\"0\" data-coordinatey=\"0\" data-speed=\"1\" class=\"et-custom-image  alignnone overlay-none curtain-right\"><img loading=\"lazy\" decoding=\"async\" width=\"1100\" height=\"838\" src=\"https:\/\/ofakgp.com\/wp-content\/uploads\/plane.png\" alt=\"\"><div class=\"curtain\" style=\"background:#17c1d1;\"><\/div><\/div>[\/vc_column][vc_column animation_delay=\u00a0\u00bb150&Prime; css_animation=\u00a0\u00bbright-to-left\u00a0\u00bb over768_under_1024_padding_left=\u00a0\u00bb15%\u00a0\u00bb over768_under_1024_padding_right=\u00a0\u00bb15%\u00a0\u00bb offset=\u00a0\u00bbvc_col-lg-6 vc_col-md-6 vc_col-xs-12&Prime; el_class=\u00a0\u00bbtext1023-align-center\u00a0\u00bb]<h1 id=\"et-animated-title-3\" class=\"et-animated-title et-clearfix  curtain curtain-left\" data-mobile-font=\"inherit\" data-tablet-font=\"inherit\" data-delay=\"0\" style=\"font-weight:700;color:#ed1b24;\"><span class=\"text-wrapper\"><span class=\"text\">Envoi a\u00e9rien<\/span><span class=\"curtain\" style=\"background-color:#17c1d1;\"><\/span><\/span><\/h1>[vc_column_text]<\/p>\n<p class=\"p1\" style=\"text-align: left;\">Nous acheminons vos colis et palettes par voie a\u00e9rienne. Trois types de prestations sont disponibles :<\/p>\n<p class=\"p1\" style=\"text-align: left;\"><span class=\"s1\"><b>OFAK Express (vol direct)<\/b><\/span> : Livraison de vos marchandises urgentes en toute s\u00e9curit\u00e9 en 24h \u00e0 48h en Afrique de l&rsquo;Ouest (Burkina Faso, Abidjan \u2026etc.)<\/p>\n<p class=\"p1\" style=\"text-align: left;\"><span class=\"s1\"><b>OFAK Standard (fret a\u00e9rien)<\/b>\u00a0<\/span>: Livraison de vos marchandises en 6 jours (1 \u00e0 2 d\u00e9parts par semaine), calendrier d&rsquo;envoi disponible<\/p>\n<p class=\"p1\" style=\"text-align: left;\">Pour vos colis fragiles et dangereux nous mettons \u00e0 votre disposition des emballages adapt\u00e9s (Exemple en bois, en plastique ou en carton).<\/p>\n<p>[\/vc_column_text][\/vc_column][\/vc_row][vc_row gap=\u00a0\u00bb80&Prime; css=\u00a0\u00bb.vc_custom_1531832833730{padding-top: 64px !important;padding-bottom: 48px !important;}\u00a0\u00bb][vc_column animation_delay=\u00a0\u00bb0&Prime; offset=\u00a0\u00bbvc_col-lg-6 vc_col-md-6 vc_col-xs-12&Prime;]<div data-curtain=\"true\" data-preloader=\"false\" data-decoration=\"false\" data-decoration-size=\"small\" data-animation-delay=\"100\" data-parallax=\"false\" data-coordinatex=\"0\" data-coordinatey=\"0\" data-speed=\"1\" class=\"et-custom-image  alignnone overlay-none curtain-right\"><img loading=\"lazy\" decoding=\"async\" width=\"1100\" height=\"1008\" src=\"https:\/\/ofakgp.com\/wp-content\/uploads\/ship.png\" alt=\"\"><div class=\"curtain\" style=\"background:#1818e2;\"><\/div><\/div>[\/vc_column][vc_column animation_delay=\u00a0\u00bb150&Prime; css_animation=\u00a0\u00bbright-to-left\u00a0\u00bb over768_under_1024_padding_left=\u00a0\u00bb15%\u00a0\u00bb over768_under_1024_padding_right=\u00a0\u00bb15%\u00a0\u00bb offset=\u00a0\u00bbvc_col-lg-6 vc_col-md-6 vc_col-xs-12&Prime; el_class=\u00a0\u00bbtext1023-align-center\u00a0\u00bb]<h1 id=\"et-animated-title-4\" class=\"et-animated-title et-clearfix  curtain curtain-left\" data-mobile-font=\"inherit\" data-tablet-font=\"inherit\" data-delay=\"0\" style=\"font-weight:700;color:#309be3;\"><span class=\"text-wrapper\"><span class=\"text\">Fret maritime<\/span><span class=\"curtain\" style=\"background-color:#1818e2;\"><\/span><\/span><\/h1>[vc_column_text]<\/p>\n<p class=\"p1\">Nous acheminons vos colis par voie maritime. Merci de nous contacter \u00e0 l\u2019avance pour qu\u2019on puisse vous \u00e9tablir un devis.<\/p>\n<p class=\"p3\">\u2013 Deux d\u00e9parts par mois.<\/p>\n<p class=\"p3\">\u2013\u00a0<span class=\"s1\">Possibilit\u00e9<\/span>\u00a0de programmer l\u2019enl\u00e8vement de votre colis.<\/p>\n<p class=\"p3\">\u2013 Envoi barriques, frigo, cong\u00e9lateurs, divers marchandises professionnels<\/p>\n<p class=\"p3\">\u2013 Envoi en Achat ou Location de conteneur complet.<\/p>\n<p class=\"p3\">Possibilit\u00e9 de <span class=\"s1\">r\u00e9cup\u00e9rer votre TVA<\/span>\u00a0aupr\u00e8s de votre fournisseur (\u00e0 condition d\u2019\u00eatre \u00e9ligible).<\/p>\n<p class=\"p3\"><span class=\"s3\">(Id\u00e9e malin:<\/span> Possibilit\u00e9 d\u2019acheter un camion ou v\u00e9hicule afin de rentabiliser votre envoi)<\/p>\n<p class=\"p4\"><b>Demander toujours un <a href=\"https:\/\/ofakgp.com\/?page_id=8112\">devis<\/a><\/b><\/p>\n<p>[\/vc_column_text][\/vc_column][\/vc_row][vc_row gap=\u00a0\u00bb80&Prime;][vc_column width=\u00a0\u00bb1\/2&Prime;]<div data-curtain=\"true\" data-preloader=\"false\" data-decoration=\"false\" data-decoration-size=\"small\" data-animation-delay=\"0\" data-parallax=\"false\" data-coordinatex=\"0\" data-coordinatey=\"0\" data-speed=\"1\" class=\"et-custom-image  alignnone overlay-none curtain-left\"><img loading=\"lazy\" decoding=\"async\" width=\"735\" height=\"522\" src=\"https:\/\/ofakgp.com\/wp-content\/uploads\/enelevement2.png\" alt=\"\"><div class=\"curtain\" style=\"background:#08aa00;\"><\/div><\/div>[\/vc_column][vc_column width=\u00a0\u00bb1\/2&Prime;]<h1 id=\"et-animated-title-5\" class=\"et-animated-title et-clearfix  curtain curtain-left\" data-mobile-font=\"inherit\" data-tablet-font=\"inherit\" data-delay=\"0\" style=\"font-weight:700;color:#212121;\"><span class=\"text-wrapper\"><span class=\"text\">Enl\u00e8vement direct fournisseur<\/span><span class=\"curtain\" style=\"background-color:#08aa00;\"><\/span><\/span><\/h1>[vc_column_text]Nous vous proposons l&rsquo;enl\u00e8vement de vos marchandises directement chez vos fournisseurs partout en Europe pour acheminement partout en Afrique de l&rsquo;Ouest.<\/p>\n<p>Demandez toujours un devis par mail ou par WhatsApp.<\/p>\n<ul>\n<li>Retrait de colis et marchandises chez vos fournisseurs<\/li>\n<li>Vous pouvez b\u00e9n\u00e9ficier de l&rsquo;enl\u00e8vement de vos colis \u00e0 domicile moyennant des frais de Transport en fonction de la distance et du volume partout en France<\/li>\n<\/ul>\n<p>[\/vc_column_text][\/vc_column][\/vc_row][vc_row][vc_column width=\u00a0\u00bb1\/2&Prime;]<div data-curtain=\"true\" data-preloader=\"false\" data-decoration=\"false\" data-decoration-size=\"small\" data-animation-delay=\"100\" data-parallax=\"false\" data-coordinatex=\"0\" data-coordinatey=\"0\" data-speed=\"1\" class=\"et-custom-image  alignnone overlay-none curtain-left\"><img loading=\"lazy\" decoding=\"async\" width=\"1501\" height=\"1051\" src=\"https:\/\/ofakgp.com\/wp-content\/uploads\/paiementfournisseur.png\" alt=\"\"><div class=\"curtain\" style=\"background:#3f42ff;\"><\/div><\/div>[\/vc_column][vc_column width=\u00a0\u00bb1\/2&Prime;]<h1 id=\"et-animated-title-6\" class=\"et-animated-title et-clearfix  curtain curtain-left\" data-mobile-font=\"inherit\" data-tablet-font=\"inherit\" data-delay=\"0\" style=\"font-weight:700;color:#212121;\"><span class=\"text-wrapper\"><span class=\"text\">Paiement de marchandises direct fournisseurs<\/span><span class=\"curtain\" style=\"background-color:#3f42ff;\"><\/span><\/span><\/h1>[vc_column_text]<\/p>\n<ul>\n<li>D\u00e9lai ou difficult\u00e9 de paiement court chez vos fournisseurs? contactez-nous pour faciliter le paiement direct de vos marchandises chez vos fournisseurs.<\/li>\n<li>Paiement de vos articles en magasin HT (sous condition d&rsquo;\u00e9ligibilit\u00e9) ou TTC<\/li>\n<\/ul>\n<p>[\/vc_column_text][\/vc_column][\/vc_row][vc_row][vc_column width=\u00a0\u00bb1\/2&Prime;]<div data-curtain=\"true\" data-preloader=\"false\" data-decoration=\"false\" data-decoration-size=\"small\" data-animation-delay=\"100\" data-parallax=\"false\" data-coordinatex=\"0\" data-coordinatey=\"0\" data-speed=\"1\" class=\"et-custom-image  alignnone overlay-none curtain-left\"><img loading=\"lazy\" decoding=\"async\" width=\"1400\" height=\"1246\" src=\"https:\/\/ofakgp.com\/wp-content\/uploads\/Transport.png\" alt=\"\"><div class=\"curtain\" style=\"background:#fd8c40;\"><\/div><\/div>[\/vc_column][vc_column width=\u00a0\u00bb1\/2&Prime;]<h1 id=\"et-animated-title-7\" class=\"et-animated-title et-clearfix  curtain curtain-left\" data-mobile-font=\"inherit\" data-tablet-font=\"inherit\" data-delay=\"0\" style=\"font-weight:700;color:#212121;\"><span class=\"text-wrapper\"><span class=\"text\">Achat de marchandises<\/span><span class=\"curtain\" style=\"background-color:#fd8c40;\"><\/span><\/span><\/h1>[vc_column_text]<\/p>\n<ul>\n<li>Nous faisons les courses \u00e0 votre place puis nous les acheminons pour vous en Afrique de l&rsquo;Ouest (Burkina, Abidjan) ou en France.<\/li>\n<li>Achat de vos Articles en ligne<\/li>\n<\/ul>\n<p>[\/vc_column_text][\/vc_column][\/vc_row][vc_row][vc_column width=\u00a0\u00bb1\/2&Prime;]<div data-curtain=\"true\" data-preloader=\"false\" data-decoration=\"false\" data-decoration-size=\"small\" data-animation-delay=\"0\" data-parallax=\"false\" data-coordinatex=\"0\" data-coordinatey=\"0\" data-speed=\"1\" class=\"et-custom-image  alignnone overlay-none curtain-left\"><img loading=\"lazy\" decoding=\"async\" width=\"401\" height=\"401\" src=\"https:\/\/ofakgp.com\/wp-content\/uploads\/douane.png\" alt=\"\"><div class=\"curtain\" style=\"background:#ff0749;\"><\/div><\/div>[\/vc_column][vc_column width=\u00a0\u00bb1\/2&Prime;]<h1 id=\"et-animated-title-8\" class=\"et-animated-title et-clearfix  curtain curtain-left\" data-mobile-font=\"inherit\" data-tablet-font=\"inherit\" data-delay=\"0\" style=\"font-weight:700;color:#212121;\"><span class=\"text-wrapper\"><span class=\"text\">N\u00e9gociation douane<\/span><span class=\"curtain\" style=\"background-color:#ff0749;\"><\/span><\/span><\/h1>[vc_column_text]Chez nous vous b\u00e9n\u00e9ficierai des frais de douanes les plus avantageux, car notre \u00e9quipe se charge de les n\u00e9gocier pour vous sur certaines destinations (Burkina Faso) et Abidjan pour l&rsquo;Express[\/vc_column_text][\/vc_column][\/vc_row]<\/p>\n<\/div>","protected":false},"excerpt":{"rendered":"<p>Leverage agile frameworks to provide a robust synopsis for high level overviews. Iterative approaches to corporate strategy foster collaborative thinking to further the overall value proposition. Organically grow the holistic world view of disruptive innovation via workplace diversity and empowerment.<\/p>\n","protected":false},"author":1,"featured_media":0,"parent":0,"menu_order":0,"comment_status":"closed","ping_status":"closed","template":"page-vc.php","meta":{"footnotes":""},"class_list":["post-8098","page","type-page","status-publish","hentry"],"yoast_head":"<!-- This site is optimized with the Yoast SEO plugin v27.5 - https:\/\/yoast.com\/product\/yoast-seo-wordpress\/ -->\n<title>Nos Services - OFAK GP<\/title>\n<meta name=\"description\" content=\"&quot;OFAKGP : service de transport de marchandises et colis de Paris \u00e0 Ouaga en faisant du fret a\u00e9rien, maritime, achat et livraison.&quot;\" \/>\n<meta name=\"robots\" content=\"index, follow, max-snippet:-1, max-image-preview:large, max-video-preview:-1\" \/>\n<link rel=\"canonical\" href=\"https:\/\/ofakgp.com\/?page_id=8098\" \/>\n<meta property=\"og:locale\" content=\"fr_FR\" \/>\n<meta property=\"og:type\" content=\"article\" \/>\n<meta property=\"og:title\" content=\"Nos Services - OFAK GP\" \/>\n<meta property=\"og:description\" content=\"&quot;OFAKGP : service de transport de marchandises et colis de Paris \u00e0 Ouaga en faisant du fret a\u00e9rien, maritime, achat et livraison.&quot;\" \/>\n<meta property=\"og:url\" content=\"https:\/\/ofakgp.com\/?page_id=8098\" \/>\n<meta property=\"og:site_name\" content=\"OFAK GP\" \/>\n<meta property=\"article:publisher\" content=\"https:\/\/www.facebook.com\/OfakgpEnvoidecolisparisouagatransportdecolis\" \/>\n<meta property=\"article:modified_time\" content=\"2024-10-17T10:05:10+00:00\" \/>\n<meta name=\"twitter:card\" content=\"summary_large_image\" \/>\n<meta name=\"twitter:site\" content=\"@ofakgp\" \/>\n<meta name=\"twitter:label1\" content=\"Dur\u00e9e de lecture estim\u00e9e\" \/>\n\t<meta name=\"twitter:data1\" content=\"4 minutes\" \/>\n<script type=\"application\/ld+json\" class=\"yoast-schema-graph\">{\"@context\":\"https:\\\/\\\/schema.org\",\"@graph\":[{\"@type\":\"WebPage\",\"@id\":\"https:\\\/\\\/ofakgp.com\\\/?page_id=8098\",\"url\":\"https:\\\/\\\/ofakgp.com\\\/?page_id=8098\",\"name\":\"Nos Services - OFAK GP\",\"isPartOf\":{\"@id\":\"https:\\\/\\\/ofakgp.com\\\/#website\"},\"datePublished\":\"2024-05-27T18:40:39+00:00\",\"dateModified\":\"2024-10-17T10:05:10+00:00\",\"description\":\"\\\"OFAKGP : service de transport de marchandises et colis de Paris \u00e0 Ouaga en faisant du fret a\u00e9rien, maritime, achat et livraison.\\\"\",\"breadcrumb\":{\"@id\":\"https:\\\/\\\/ofakgp.com\\\/?page_id=8098#breadcrumb\"},\"inLanguage\":\"fr-FR\",\"potentialAction\":[{\"@type\":\"ReadAction\",\"target\":[\"https:\\\/\\\/ofakgp.com\\\/?page_id=8098\"]}]},{\"@type\":\"BreadcrumbList\",\"@id\":\"https:\\\/\\\/ofakgp.com\\\/?page_id=8098#breadcrumb\",\"itemListElement\":[{\"@type\":\"ListItem\",\"position\":1,\"name\":\"Home\",\"item\":\"https:\\\/\\\/ofakgp.com\\\/\"},{\"@type\":\"ListItem\",\"position\":2,\"name\":\"Nos Services\"}]},{\"@type\":\"WebSite\",\"@id\":\"https:\\\/\\\/ofakgp.com\\\/#website\",\"url\":\"https:\\\/\\\/ofakgp.com\\\/\",\"name\":\"OFAK GP\",\"description\":\"Transport de marchandises Paris vers Ouaga\",\"publisher\":{\"@id\":\"https:\\\/\\\/ofakgp.com\\\/#organization\"},\"potentialAction\":[{\"@type\":\"SearchAction\",\"target\":{\"@type\":\"EntryPoint\",\"urlTemplate\":\"https:\\\/\\\/ofakgp.com\\\/?s={search_term_string}\"},\"query-input\":{\"@type\":\"PropertyValueSpecification\",\"valueRequired\":true,\"valueName\":\"search_term_string\"}}],\"inLanguage\":\"fr-FR\"},{\"@type\":\"Organization\",\"@id\":\"https:\\\/\\\/ofakgp.com\\\/#organization\",\"name\":\"OFAK GP\",\"url\":\"https:\\\/\\\/ofakgp.com\\\/\",\"logo\":{\"@type\":\"ImageObject\",\"inLanguage\":\"fr-FR\",\"@id\":\"https:\\\/\\\/ofakgp.com\\\/#\\\/schema\\\/logo\\\/image\\\/\",\"url\":\"https:\\\/\\\/ofakgp.com\\\/wp-content\\\/uploads\\\/cropped-Logo-OFAK-GP.png\",\"contentUrl\":\"https:\\\/\\\/ofakgp.com\\\/wp-content\\\/uploads\\\/cropped-Logo-OFAK-GP.png\",\"width\":512,\"height\":512,\"caption\":\"OFAK GP\"},\"image\":{\"@id\":\"https:\\\/\\\/ofakgp.com\\\/#\\\/schema\\\/logo\\\/image\\\/\"},\"sameAs\":[\"https:\\\/\\\/www.facebook.com\\\/OfakgpEnvoidecolisparisouagatransportdecolis\",\"https:\\\/\\\/x.com\\\/ofakgp\"]}]}<\/script>\n<!-- \/ Yoast SEO plugin. -->","yoast_head_json":{"title":"Nos Services - OFAK GP","description":"\"OFAKGP : service de transport de marchandises et colis de Paris \u00e0 Ouaga en faisant du fret a\u00e9rien, maritime, achat et livraison.\"","robots":{"index":"index","follow":"follow","max-snippet":"max-snippet:-1","max-image-preview":"max-image-preview:large","max-video-preview":"max-video-preview:-1"},"canonical":"https:\/\/ofakgp.com\/?page_id=8098","og_locale":"fr_FR","og_type":"article","og_title":"Nos Services - OFAK GP","og_description":"\"OFAKGP : service de transport de marchandises et colis de Paris \u00e0 Ouaga en faisant du fret a\u00e9rien, maritime, achat et livraison.\"","og_url":"https:\/\/ofakgp.com\/?page_id=8098","og_site_name":"OFAK GP","article_publisher":"https:\/\/www.facebook.com\/OfakgpEnvoidecolisparisouagatransportdecolis","article_modified_time":"2024-10-17T10:05:10+00:00","twitter_card":"summary_large_image","twitter_site":"@ofakgp","twitter_misc":{"Dur\u00e9e de lecture estim\u00e9e":"4 minutes"},"schema":{"@context":"https:\/\/schema.org","@graph":[{"@type":"WebPage","@id":"https:\/\/ofakgp.com\/?page_id=8098","url":"https:\/\/ofakgp.com\/?page_id=8098","name":"Nos Services - OFAK GP","isPartOf":{"@id":"https:\/\/ofakgp.com\/#website"},"datePublished":"2024-05-27T18:40:39+00:00","dateModified":"2024-10-17T10:05:10+00:00","description":"\"OFAKGP : service de transport de marchandises et colis de Paris \u00e0 Ouaga en faisant du fret a\u00e9rien, maritime, achat et livraison.\"","breadcrumb":{"@id":"https:\/\/ofakgp.com\/?page_id=8098#breadcrumb"},"inLanguage":"fr-FR","potentialAction":[{"@type":"ReadAction","target":["https:\/\/ofakgp.com\/?page_id=8098"]}]},{"@type":"BreadcrumbList","@id":"https:\/\/ofakgp.com\/?page_id=8098#breadcrumb","itemListElement":[{"@type":"ListItem","position":1,"name":"Home","item":"https:\/\/ofakgp.com\/"},{"@type":"ListItem","position":2,"name":"Nos Services"}]},{"@type":"WebSite","@id":"https:\/\/ofakgp.com\/#website","url":"https:\/\/ofakgp.com\/","name":"OFAK GP","description":"Transport de marchandises Paris vers Ouaga","publisher":{"@id":"https:\/\/ofakgp.com\/#organization"},"potentialAction":[{"@type":"SearchAction","target":{"@type":"EntryPoint","urlTemplate":"https:\/\/ofakgp.com\/?s={search_term_string}"},"query-input":{"@type":"PropertyValueSpecification","valueRequired":true,"valueName":"search_term_string"}}],"inLanguage":"fr-FR"},{"@type":"Organization","@id":"https:\/\/ofakgp.com\/#organization","name":"OFAK GP","url":"https:\/\/ofakgp.com\/","logo":{"@type":"ImageObject","inLanguage":"fr-FR","@id":"https:\/\/ofakgp.com\/#\/schema\/logo\/image\/","url":"https:\/\/ofakgp.com\/wp-content\/uploads\/cropped-Logo-OFAK-GP.png","contentUrl":"https:\/\/ofakgp.com\/wp-content\/uploads\/cropped-Logo-OFAK-GP.png","width":512,"height":512,"caption":"OFAK GP"},"image":{"@id":"https:\/\/ofakgp.com\/#\/schema\/logo\/image\/"},"sameAs":["https:\/\/www.facebook.com\/OfakgpEnvoidecolisparisouagatransportdecolis","https:\/\/x.com\/ofakgp"]}]}},"_links":{"self":[{"href":"https:\/\/ofakgp.com\/index.php?rest_route=\/wp\/v2\/pages\/8098","targetHints":{"allow":["GET"]}}],"collection":[{"href":"https:\/\/ofakgp.com\/index.php?rest_route=\/wp\/v2\/pages"}],"about":[{"href":"https:\/\/ofakgp.com\/index.php?rest_route=\/wp\/v2\/types\/page"}],"author":[{"embeddable":true,"href":"https:\/\/ofakgp.com\/index.php?rest_route=\/wp\/v2\/users\/1"}],"replies":[{"embeddable":true,"href":"https:\/\/ofakgp.com\/index.php?rest_route=%2Fwp%2Fv2%2Fcomments&post=8098"}],"version-history":[{"count":46,"href":"https:\/\/ofakgp.com\/index.php?rest_route=\/wp\/v2\/pages\/8098\/revisions"}],"predecessor-version":[{"id":14515,"href":"https:\/\/ofakgp.com\/index.php?rest_route=\/wp\/v2\/pages\/8098\/revisions\/14515"}],"wp:attachment":[{"href":"https:\/\/ofakgp.com\/index.php?rest_route=%2Fwp%2Fv2%2Fmedia&parent=8098"}],"curies":[{"name":"wp","href":"https:\/\/api.w.org\/{rel}","templated":true}]}}