{"id":8096,"date":"2024-05-04T22:40:29","date_gmt":"2024-05-04T20:40:29","guid":{"rendered":"https:\/\/enovathemes.com\/globax\/?page_id=8096"},"modified":"2024-10-17T01:17:38","modified_gmt":"2024-10-16T23:17:38","slug":"qui-sommes-nous","status":"publish","type":"page","link":"https:\/\/ofakgp.com\/?page_id=8096","title":{"rendered":"Qui sommes-nous?"},"content":{"rendered":"<div class=\"wpb-content-wrapper\"><p>[vc_row gap=\u00a0\u00bb0&Prime; css=\u00a0\u00bb.vc_custom_1532006514275{padding-top: 96px !important;}\u00a0\u00bb][vc_column animation_delay=\u00a0\u00bb0&Prime; offset=\u00a0\u00bbvc_col-lg-6 vc_col-md-8 vc_col-xs-12&Prime;]<h3 id=\"et-animated-title-1\" class=\"et-animated-title et-clearfix  words-direct\" data-mobile-font=\"32px\" data-tablet-font=\"inherit\" data-delay=\"0\" style=\"font-size:48px;font-weight:700;line-height:56px;color:#309be3;\"><span class=\"text-wrapper\"><span class=\"text\">OFAK GP<\/span><\/span><\/h3>[\/vc_column][vc_column animation_delay=\u00a0\u00bb0&Prime; width=\u00a0\u00bb1\/2&Prime; offset=\u00a0\u00bbvc_hidden-lg vc_hidden-md vc_hidden-sm vc_hidden-xs\u00a0\u00bb][\/vc_column][\/vc_row][vc_row gap=\u00a0\u00bb80&Prime; css=\u00a0\u00bb.vc_custom_1532006500755{padding-bottom: 72px !important;}\u00a0\u00bb][vc_column width=\u00a0\u00bb1\/2&Prime;]<div class=\"et-simple-braket-block-wrapper\"><style>#et-simple-braket-block-1 .braket-text {font-size:24px;font-weight:400;line-height:32px;}#et-simple-braket-block-1 .braket > div  {background-color:#ed1b24;}<\/style><div id=\"et-simple-braket-block-1\" class=\"et-simple-braket-block \"><div class=\"braket\"><div><\/div><div><\/div><div><\/div><\/div><div class=\"braket-text\" data-mobile-font=\"inherit\" data-tablet-font=\"inherit\">est une entreprise de transport de biens, de marchandises et de produits p\u00e9rissable, d&#039;enl\u00e8vement et ou paiement de marchandises partout en Europe ou d&#039;achat de produits en ligne ou en magasins pour le compte de tiers et acheminement en Afrique<\/div><\/div><\/div><div class=\"gap et-clearfix \" style=\"height:32px\"><\/div>[vc_column_text]<strong>Notre objectif est d\u2019apporter des solutions simples, innovantes, accessibles et adapt\u00e9es \u00e0 vos besoins !<\/strong><\/p>\n<p>Soucieux de lever les barri\u00e8res d\u2019\u00e9changes de marchandises entre l\u2019<strong>Europe<\/strong> et l\u2019<strong>Afrique de l\u2019Ouest<\/strong>, nous \u0153uvrons depuis 2012 pour faciliter le transport de vos colis entre la France et le Burkina Faso par voie a\u00e9rienne et maritime quelque soit le volume et le type de marchandises aux meilleurs prix.<\/p>\n<p><b>Avec nous, vous b\u00e9n\u00e9ficiez d\u2019un service de bout en bout et surtout d\u2019une prestation s\u00fbre et fiable\u00a0<\/b>[\/vc_column_text][\/vc_column][vc_column animation_delay=\u00a0\u00bb0&Prime; width=\u00a0\u00bb1\/2&Prime; css=\u00a0\u00bb.vc_custom_1530279884745{border-left-width: 1px !important;padding-left: 20% !important;border-left-color: #e0e0e0 !important;border-left-style: solid !important;border-radius: 1px !important;}\u00a0\u00bb el_class=\u00a0\u00bbet-element-column-with-border-left\u00a0\u00bb]<div class=\"et-simple-braket-block-wrapper\"><style>#et-simple-braket-block-2 .braket-text {font-size:24px;font-weight:400;line-height:32px;}#et-simple-braket-block-2 .braket > div  {background-color:#309be3;}<\/style><div id=\"et-simple-braket-block-2\" class=\"et-simple-braket-block \"><div class=\"braket\"><div><\/div><div><\/div><div><\/div><\/div><div class=\"braket-text\" data-mobile-font=\"inherit\" data-tablet-font=\"inherit\">Nos Valeurs<\/div><\/div><\/div><div data-curtain=\"false\" data-preloader=\"false\" data-decoration=\"false\" data-decoration-size=\"small\" data-animation-delay=\"0\" data-parallax=\"false\" data-coordinatex=\"0\" data-coordinatey=\"0\" data-speed=\"1\" class=\"et-custom-image  alignnone overlay-none curtain-left\"><div class=\"overlay-hover\"><div class=\"image\"><div class=\"image-container\"><img loading=\"lazy\" decoding=\"async\" width=\"2262\" height=\"1353\" src=\"https:\/\/ofakgp.com\/wp-content\/uploads\/valeurs-21-07-20.png\" alt=\"\"><\/div><\/div><\/div><\/div>[\/vc_column][\/vc_row][vc_row gap=\u00a0\u00bb80&Prime; css=\u00a0\u00bb.vc_custom_1532006500755{padding-bottom: 72px !important;}\u00a0\u00bb][vc_column width=\u00a0\u00bb1\/2&Prime;]<div class=\"et-simple-braket-block-wrapper\"><style>#et-simple-braket-block-3 .braket-text {font-size:24px;font-weight:400;line-height:32px;}#et-simple-braket-block-3 .braket > div  {background-color:#309be3;}<\/style><div id=\"et-simple-braket-block-3\" class=\"et-simple-braket-block \"><div class=\"braket\"><div><\/div><div><\/div><div><\/div><\/div><div class=\"braket-text\" data-mobile-font=\"inherit\" data-tablet-font=\"inherit\">Notre \u00e9quipe<\/div><\/div><\/div><div class=\"gap et-clearfix \" style=\"height:32px\"><\/div>[vc_column_text]Constitu\u00e9e d\u2019une \u00e9quipe soud\u00e9e, engag\u00e9e, maitrisant sa logistique et surtout d\u00e9vou\u00e9e enti\u00e8rement \u00e0 la satisfaction client, OFAK GP n\u2019a pas seulement pour objectif de faire du gain, mais il nous tient aussi \u00e0 c\u0153ur d\u2019encourager l\u2019entreprenariat afin d\u2019ouvrir les portes d\u2019un monde de possibilit\u00e9s \u00e0 bon prix aux hommes int\u00e8gres et aux professionnels.[\/vc_column_text][\/vc_column][vc_column animation_delay=\u00a0\u00bb0&Prime; width=\u00a0\u00bb1\/2&Prime; css=\u00a0\u00bb.vc_custom_1530279884745{border-left-width: 1px !important;padding-left: 20% !important;border-left-color: #e0e0e0 !important;border-left-style: solid !important;border-radius: 1px !important;}\u00a0\u00bb el_class=\u00a0\u00bbet-element-column-with-border-left\u00a0\u00bb]<div data-curtain=\"false\" data-preloader=\"false\" data-decoration=\"false\" data-decoration-size=\"small\" data-animation-delay=\"0\" data-parallax=\"false\" data-coordinatex=\"0\" data-coordinatey=\"0\" data-speed=\"1\" class=\"et-custom-image  alignnone overlay-none curtain-left\"><div class=\"overlay-hover\"><div class=\"image\"><div class=\"image-container\"><img loading=\"lazy\" decoding=\"async\" width=\"1252\" height=\"872\" src=\"https:\/\/ofakgp.com\/wp-content\/uploads\/our-team.png\" alt=\"\"><\/div><\/div><\/div><\/div>[\/vc_column][\/vc_row][vc_row full_width=\u00a0\u00bbstretch_row\u00a0\u00bb gap=\u00a0\u00bb0&Prime; css=\u00a0\u00bb.vc_custom_1716678285081{padding-top: 0px !important;padding-bottom: 0px !important;background: #ed1b24 url(https:\/\/ofakgp.com\/wp-content\/uploads\/globus_image_large_color_3.jpg?id=12725) !important;background-position: center !important;background-repeat: no-repeat !important;background-size: contain !important;}\u00a0\u00bb el_id=\u00a0\u00bbbackground-position-75&Prime;][vc_column]<div class=\"gap et-clearfix hide767\" style=\"height:104px\"><\/div><div class=\"gap et-clearfix hide768\" style=\"height:24px\"><\/div><div class=\"et-ghost-title-wrapper\"><style>#et-ghost-title-1 {min-height:256px;padding-top:128px;}#et-ghost-title-1 .ghost-title {font-size:256px;line-height:256px;font-weight:700;color:rgba(0,0,0,0.1);left:-4px;}<\/style><div id=\"et-ghost-title-1\" class=\"et-ghost-title et-clearfix \" data-mobile-font=\"96px\" data-tablet-font=\"inherit\"><div class=\"ghost-title\">123K.<\/div><div class=\"ghost-content et-clearfix\">[vc_custom_heading text=\u00a0\u00bbOFAK GP<br \/>\nen chiffres\u00a0\u00bb font_container=\u00a0\u00bbtag:h3|font_size:70px|text_align:left|color:%23ffffff|line_height:70px\u00a0\u00bb use_theme_fonts=\u00a0\u00bbyes\u00a0\u00bb mobile_font_size=\u00a0\u00bb32px\u00a0\u00bb][vc_row_inner][vc_column_inner width=\u00a0\u00bb1\/2&Prime; offset=\u00a0\u00bbvc_col-lg-3 vc_col-md-3 vc_col-xs-12&Prime;]<div class=\"gap et-clearfix \" style=\"height:8px\"><\/div><p data-to=\"1656\" class=\"et-counter et-clearfix\" style=\"font-size:48px;font-weight:400;line-height:56px;color:#212121;\"><span class=\"counter\"><\/span><span class=\"prefix\">+<\/span><\/p><h6 class=\"et-highlight-title \" style=\"font-size:12px;font-weight:700;line-height:26px;letter-spacing:0.5px;color:#ffffff;\" data-mobile-font=\"inherit\" data-tablet-font=\"inherit\"><span class=\"title-inner\">Livraisons effectu\u00e9es<span class=\"highlight-line\" style=\"background-color:#ffffff;\"><\/span><\/span><\/h6>[\/vc_column_inner][vc_column_inner width=\u00a0\u00bb1\/2&Prime; offset=\u00a0\u00bbvc_col-lg-3 vc_col-md-3 vc_col-xs-12&Prime;]<div class=\"gap et-clearfix \" style=\"height:8px\"><\/div><p data-to=\"679\" class=\"et-counter et-clearfix\" style=\"font-size:48px;font-weight:400;line-height:56px;color:#212121;\"><span class=\"counter\"><\/span><span class=\"prefix\">+<\/span><\/p><h6 class=\"et-highlight-title \" style=\"font-size:12px;font-weight:700;line-height:26px;letter-spacing:0.5px;color:#ffffff;\" data-mobile-font=\"inherit\" data-tablet-font=\"inherit\"><span class=\"title-inner\">Clients satisfaits<span class=\"highlight-line\" style=\"background-color:#ffffff;\"><\/span><\/span><\/h6>[\/vc_column_inner][vc_column_inner width=\u00a0\u00bb1\/2&Prime; offset=\u00a0\u00bbvc_col-lg-3 vc_col-md-3 vc_col-xs-12&Prime;]<div class=\"gap et-clearfix \" style=\"height:8px\"><\/div><p data-to=\"14\" class=\"et-counter et-clearfix\" style=\"font-size:48px;font-weight:400;line-height:56px;color:#212121;\"><span class=\"counter\"><\/span><span class=\"prefix\">+<\/span><\/p><h6 class=\"et-highlight-title \" style=\"font-size:12px;font-weight:700;line-height:26px;letter-spacing:0.5px;color:#ffffff;\" data-mobile-font=\"inherit\" data-tablet-font=\"inherit\"><span class=\"title-inner\">Ann\u00e9es d&#039;exp\u00e9rience<span class=\"highlight-line\" style=\"background-color:#ffffff;\"><\/span><\/span><\/h6>[\/vc_column_inner][vc_column_inner width=\u00a0\u00bb1\/2&Prime; offset=\u00a0\u00bbvc_col-lg-3 vc_col-md-3 vc_col-xs-12&Prime;]<div class=\"gap et-clearfix \" style=\"height:8px\"><\/div><p data-to=\"30\" class=\"et-counter et-clearfix\" style=\"font-size:48px;font-weight:400;line-height:56px;color:#212121;\"><span class=\"counter\"><\/span><span class=\"prefix\">+<\/span><\/p><h6 class=\"et-highlight-title \" style=\"font-size:12px;font-weight:700;line-height:26px;letter-spacing:0.5px;color:#ffffff;\" data-mobile-font=\"inherit\" data-tablet-font=\"inherit\"><span class=\"title-inner\">Membres de l&#039;\u00e9quipe<span class=\"highlight-line\" style=\"background-color:#ffffff;\"><\/span><\/span><\/h6>[\/vc_column_inner][\/vc_row_inner]<\/div><\/div><\/div><div class=\"gap et-clearfix hide768\" style=\"height:48px\"><\/div><div class=\"gap et-clearfix hide767\" style=\"height:150px\"><\/div>[\/vc_column][\/vc_row][vc_section][vc_row gap=\u00a0\u00bb0&Prime; css=\u00a0\u00bb.vc_custom_1531831207588{padding-top: 96px !important;}\u00a0\u00bb][vc_column animation_delay=\u00a0\u00bb0&Prime; offset=\u00a0\u00bbvc_col-lg-12 vc_col-md-12 vc_col-xs-12&Prime;]<h6 class=\"et-highlight-title \" style=\"font-size:12px;font-weight:700;line-height:24px;letter-spacing:0.5px;color:#9a9a9a;\" data-mobile-font=\"inherit\" data-tablet-font=\"inherit\"><span class=\"title-inner\">OFAK GP<span class=\"highlight-line\" style=\"background-color:#309be3;\"><\/span><\/span><\/h6><h3 id=\"et-animated-title-2\" class=\"et-animated-title et-clearfix  words-direct\" data-mobile-font=\"32px\" data-tablet-font=\"inherit\" data-delay=\"100\" style=\"font-size:48px;font-weight:700;line-height:56px;color:#212121;\"><span class=\"text-wrapper\"><span class=\"text\">Notre <span class=\"highlight\" style=\"color: #ed1b24;\">Philosophie<\/span>.<\/span><\/span><\/h3>[\/vc_column][\/vc_row][vc_row full_width=\u00a0\u00bbstretch_row\u00a0\u00bb gap=\u00a0\u00bb40&Prime; css=\u00a0\u00bb.vc_custom_1532432847647{padding-top: 96px !important;padding-bottom: 72px !important;background-color: #f5f5f5 !important;}\u00a0\u00bb][vc_column animation_delay=\u00a0\u00bb0&Prime; css_animation=\u00a0\u00bbbottom-to-top\u00a0\u00bb css=\u00a0\u00bb.vc_custom_1532433578210{padding-top: 40px !important;padding-right: 40px !important;padding-bottom: 40px !important;padding-left: 40px !important;background-color: #ffffff !important;}\u00a0\u00bb el_class=\u00a0\u00bbtext-align-center\u00a0\u00bb offset=\u00a0\u00bbvc_col-lg-4 vc_col-md-4 vc_col-xs-12&Prime;]<div class=\"et-el-icon medium full\" style=\"color:#309be3;box-shadow:inset 0 0 0 4px #309be3;border-radius:500px;\"><span class=\"el-icon fa fa-check animate-false\"><\/span><\/div><div class=\"gap et-clearfix \" style=\"height:16px\"><\/div>[vc_column_text css=\u00a0\u00bb.vc_custom_1729120613441{margin-bottom: 0px !important;}\u00a0\u00bb]<\/p>\n<p style=\"text-align: center; font-size: 18px; line-height: 32px;\"><strong>Etre r\u00e9actif et disponible<\/strong>: Nous nous effor\u00e7ons de r\u00e9pondre \u00e0 nos clients dans des d\u00e9lais courts\u00a0 \u00e0 nos clients \u00e0 tous les stades de notre collaboration.<\/p>\n<p>[\/vc_column_text][\/vc_column][vc_column animation_delay=\u00a0\u00bb150&Prime; css_animation=\u00a0\u00bbbottom-to-top\u00a0\u00bb el_class=\u00a0\u00bbtext-align-center\u00a0\u00bb css=\u00a0\u00bb.vc_custom_1532433590054{padding-top: 40px !important;padding-right: 40px !important;padding-bottom: 40px !important;padding-left: 40px !important;background-color: #ffffff !important;}\u00a0\u00bb offset=\u00a0\u00bbvc_col-lg-4 vc_col-md-4 vc_col-xs-12&Prime;]<div class=\"et-el-icon medium full\" style=\"color:#309be3;box-shadow:inset 0 0 0 4px #309be3;border-radius:500px;\"><span class=\"el-icon fa fa-check animate-false\"><\/span><\/div><div class=\"gap et-clearfix \" style=\"height:16px\"><\/div>[vc_column_text css=\u00a0\u00bb.vc_custom_1716679966090{margin-bottom: 0px !important;}\u00a0\u00bb]<\/p>\n<p style=\"text-align: center; font-size: 18px; line-height: 32px;\"><strong>\u00catre attentif aux d\u00e9tails<\/strong> : Nous traitons chaque demande de fa\u00e7on personnalis\u00e9e et approfondie.<\/p>\n<p>[\/vc_column_text][\/vc_column][vc_column animation_delay=\u00a0\u00bb300&Prime; css_animation=\u00a0\u00bbbottom-to-top\u00a0\u00bb css=\u00a0\u00bb.vc_custom_1532433601236{padding-top: 40px !important;padding-right: 40px !important;padding-bottom: 40px !important;padding-left: 40px !important;background-color: #ffffff !important;}\u00a0\u00bb el_class=\u00a0\u00bbtext-align-center\u00a0\u00bb offset=\u00a0\u00bbvc_col-lg-4 vc_col-md-4 vc_col-xs-12&Prime;]<div class=\"et-el-icon medium full\" style=\"color:#309be3;box-shadow:inset 0 0 0 4px #309be3;border-radius:500px;\"><span class=\"el-icon fa fa-check animate-false\"><\/span><\/div><div class=\"gap et-clearfix \" style=\"height:16px\"><\/div>[vc_column_text css=\u00a0\u00bb.vc_custom_1716843017008{margin-bottom: 0px !important;}\u00a0\u00bb]<\/p>\n<p style=\"text-align: center; font-size: 18px; line-height: 32px;\"><strong>\u00catre transparent<\/strong> : Nous sommes transparents lors des divers \u00e9changes avec nos clients.<\/p>\n<p>[\/vc_column_text][\/vc_column][\/vc_row][\/vc_section]<\/p>\n<\/div>","protected":false},"excerpt":{"rendered":"<p>Leverage agile frameworks to provide a robust synopsis for high level overviews. Iterative approaches to corporate strategy foster collaborative thinking to further the overall value proposition. Organically grow the holistic world view of disruptive innovation via workplace diversity and empowerment.<\/p>\n","protected":false},"author":1,"featured_media":0,"parent":0,"menu_order":0,"comment_status":"closed","ping_status":"closed","template":"page-vc.php","meta":{"footnotes":""},"class_list":["post-8096","page","type-page","status-publish","hentry"],"yoast_head":"<!-- This site is optimized with the Yoast SEO plugin v27.5 - https:\/\/yoast.com\/product\/yoast-seo-wordpress\/ -->\n<title>Qui sommes-nous? - OFAK GP<\/title>\n<meta name=\"robots\" content=\"index, follow, max-snippet:-1, max-image-preview:large, max-video-preview:-1\" \/>\n<link rel=\"canonical\" href=\"https:\/\/ofakgp.com\/?page_id=8096\" \/>\n<meta property=\"og:locale\" content=\"fr_FR\" \/>\n<meta property=\"og:type\" content=\"article\" \/>\n<meta property=\"og:title\" content=\"Qui sommes-nous? - OFAK GP\" \/>\n<meta property=\"og:description\" content=\"Leverage agile frameworks to provide a robust synopsis for high level overviews. Iterative approaches to corporate strategy foster collaborative thinking to further the overall value proposition. Organically grow the holistic world view of disruptive innovation via workplace diversity and empowerment.\" \/>\n<meta property=\"og:url\" content=\"https:\/\/ofakgp.com\/?page_id=8096\" \/>\n<meta property=\"og:site_name\" content=\"OFAK GP\" \/>\n<meta property=\"article:publisher\" content=\"https:\/\/www.facebook.com\/OfakgpEnvoidecolisparisouagatransportdecolis\" \/>\n<meta property=\"article:modified_time\" content=\"2024-10-16T23:17:38+00:00\" \/>\n<meta name=\"twitter:card\" content=\"summary_large_image\" \/>\n<meta name=\"twitter:site\" content=\"@ofakgp\" \/>\n<meta name=\"twitter:label1\" content=\"Dur\u00e9e de lecture estim\u00e9e\" \/>\n\t<meta name=\"twitter:data1\" content=\"4 minutes\" \/>\n<script type=\"application\/ld+json\" class=\"yoast-schema-graph\">{\"@context\":\"https:\\\/\\\/schema.org\",\"@graph\":[{\"@type\":\"WebPage\",\"@id\":\"https:\\\/\\\/ofakgp.com\\\/?page_id=8096\",\"url\":\"https:\\\/\\\/ofakgp.com\\\/?page_id=8096\",\"name\":\"Qui sommes-nous? - OFAK GP\",\"isPartOf\":{\"@id\":\"https:\\\/\\\/ofakgp.com\\\/#website\"},\"datePublished\":\"2024-05-04T20:40:29+00:00\",\"dateModified\":\"2024-10-16T23:17:38+00:00\",\"breadcrumb\":{\"@id\":\"https:\\\/\\\/ofakgp.com\\\/?page_id=8096#breadcrumb\"},\"inLanguage\":\"fr-FR\",\"potentialAction\":[{\"@type\":\"ReadAction\",\"target\":[\"https:\\\/\\\/ofakgp.com\\\/?page_id=8096\"]}]},{\"@type\":\"BreadcrumbList\",\"@id\":\"https:\\\/\\\/ofakgp.com\\\/?page_id=8096#breadcrumb\",\"itemListElement\":[{\"@type\":\"ListItem\",\"position\":1,\"name\":\"Home\",\"item\":\"https:\\\/\\\/ofakgp.com\\\/\"},{\"@type\":\"ListItem\",\"position\":2,\"name\":\"Qui sommes-nous?\"}]},{\"@type\":\"WebSite\",\"@id\":\"https:\\\/\\\/ofakgp.com\\\/#website\",\"url\":\"https:\\\/\\\/ofakgp.com\\\/\",\"name\":\"OFAK GP\",\"description\":\"Transport de marchandises Paris vers Ouaga\",\"publisher\":{\"@id\":\"https:\\\/\\\/ofakgp.com\\\/#organization\"},\"potentialAction\":[{\"@type\":\"SearchAction\",\"target\":{\"@type\":\"EntryPoint\",\"urlTemplate\":\"https:\\\/\\\/ofakgp.com\\\/?s={search_term_string}\"},\"query-input\":{\"@type\":\"PropertyValueSpecification\",\"valueRequired\":true,\"valueName\":\"search_term_string\"}}],\"inLanguage\":\"fr-FR\"},{\"@type\":\"Organization\",\"@id\":\"https:\\\/\\\/ofakgp.com\\\/#organization\",\"name\":\"OFAK GP\",\"url\":\"https:\\\/\\\/ofakgp.com\\\/\",\"logo\":{\"@type\":\"ImageObject\",\"inLanguage\":\"fr-FR\",\"@id\":\"https:\\\/\\\/ofakgp.com\\\/#\\\/schema\\\/logo\\\/image\\\/\",\"url\":\"https:\\\/\\\/ofakgp.com\\\/wp-content\\\/uploads\\\/cropped-Logo-OFAK-GP.png\",\"contentUrl\":\"https:\\\/\\\/ofakgp.com\\\/wp-content\\\/uploads\\\/cropped-Logo-OFAK-GP.png\",\"width\":512,\"height\":512,\"caption\":\"OFAK GP\"},\"image\":{\"@id\":\"https:\\\/\\\/ofakgp.com\\\/#\\\/schema\\\/logo\\\/image\\\/\"},\"sameAs\":[\"https:\\\/\\\/www.facebook.com\\\/OfakgpEnvoidecolisparisouagatransportdecolis\",\"https:\\\/\\\/x.com\\\/ofakgp\"]}]}<\/script>\n<!-- \/ Yoast SEO plugin. -->","yoast_head_json":{"title":"Qui sommes-nous? - OFAK GP","robots":{"index":"index","follow":"follow","max-snippet":"max-snippet:-1","max-image-preview":"max-image-preview:large","max-video-preview":"max-video-preview:-1"},"canonical":"https:\/\/ofakgp.com\/?page_id=8096","og_locale":"fr_FR","og_type":"article","og_title":"Qui sommes-nous? - OFAK GP","og_description":"Leverage agile frameworks to provide a robust synopsis for high level overviews. Iterative approaches to corporate strategy foster collaborative thinking to further the overall value proposition. Organically grow the holistic world view of disruptive innovation via workplace diversity and empowerment.","og_url":"https:\/\/ofakgp.com\/?page_id=8096","og_site_name":"OFAK GP","article_publisher":"https:\/\/www.facebook.com\/OfakgpEnvoidecolisparisouagatransportdecolis","article_modified_time":"2024-10-16T23:17:38+00:00","twitter_card":"summary_large_image","twitter_site":"@ofakgp","twitter_misc":{"Dur\u00e9e de lecture estim\u00e9e":"4 minutes"},"schema":{"@context":"https:\/\/schema.org","@graph":[{"@type":"WebPage","@id":"https:\/\/ofakgp.com\/?page_id=8096","url":"https:\/\/ofakgp.com\/?page_id=8096","name":"Qui sommes-nous? - OFAK GP","isPartOf":{"@id":"https:\/\/ofakgp.com\/#website"},"datePublished":"2024-05-04T20:40:29+00:00","dateModified":"2024-10-16T23:17:38+00:00","breadcrumb":{"@id":"https:\/\/ofakgp.com\/?page_id=8096#breadcrumb"},"inLanguage":"fr-FR","potentialAction":[{"@type":"ReadAction","target":["https:\/\/ofakgp.com\/?page_id=8096"]}]},{"@type":"BreadcrumbList","@id":"https:\/\/ofakgp.com\/?page_id=8096#breadcrumb","itemListElement":[{"@type":"ListItem","position":1,"name":"Home","item":"https:\/\/ofakgp.com\/"},{"@type":"ListItem","position":2,"name":"Qui sommes-nous?"}]},{"@type":"WebSite","@id":"https:\/\/ofakgp.com\/#website","url":"https:\/\/ofakgp.com\/","name":"OFAK GP","description":"Transport de marchandises Paris vers Ouaga","publisher":{"@id":"https:\/\/ofakgp.com\/#organization"},"potentialAction":[{"@type":"SearchAction","target":{"@type":"EntryPoint","urlTemplate":"https:\/\/ofakgp.com\/?s={search_term_string}"},"query-input":{"@type":"PropertyValueSpecification","valueRequired":true,"valueName":"search_term_string"}}],"inLanguage":"fr-FR"},{"@type":"Organization","@id":"https:\/\/ofakgp.com\/#organization","name":"OFAK GP","url":"https:\/\/ofakgp.com\/","logo":{"@type":"ImageObject","inLanguage":"fr-FR","@id":"https:\/\/ofakgp.com\/#\/schema\/logo\/image\/","url":"https:\/\/ofakgp.com\/wp-content\/uploads\/cropped-Logo-OFAK-GP.png","contentUrl":"https:\/\/ofakgp.com\/wp-content\/uploads\/cropped-Logo-OFAK-GP.png","width":512,"height":512,"caption":"OFAK GP"},"image":{"@id":"https:\/\/ofakgp.com\/#\/schema\/logo\/image\/"},"sameAs":["https:\/\/www.facebook.com\/OfakgpEnvoidecolisparisouagatransportdecolis","https:\/\/x.com\/ofakgp"]}]}},"_links":{"self":[{"href":"https:\/\/ofakgp.com\/index.php?rest_route=\/wp\/v2\/pages\/8096","targetHints":{"allow":["GET"]}}],"collection":[{"href":"https:\/\/ofakgp.com\/index.php?rest_route=\/wp\/v2\/pages"}],"about":[{"href":"https:\/\/ofakgp.com\/index.php?rest_route=\/wp\/v2\/types\/page"}],"author":[{"embeddable":true,"href":"https:\/\/ofakgp.com\/index.php?rest_route=\/wp\/v2\/users\/1"}],"replies":[{"embeddable":true,"href":"https:\/\/ofakgp.com\/index.php?rest_route=%2Fwp%2Fv2%2Fcomments&post=8096"}],"version-history":[{"count":30,"href":"https:\/\/ofakgp.com\/index.php?rest_route=\/wp\/v2\/pages\/8096\/revisions"}],"predecessor-version":[{"id":14475,"href":"https:\/\/ofakgp.com\/index.php?rest_route=\/wp\/v2\/pages\/8096\/revisions\/14475"}],"wp:attachment":[{"href":"https:\/\/ofakgp.com\/index.php?rest_route=%2Fwp%2Fv2%2Fmedia&parent=8096"}],"curies":[{"name":"wp","href":"https:\/\/api.w.org\/{rel}","templated":true}]}}