{"id":3,"date":"2024-06-04T14:26:17","date_gmt":"2024-06-04T12:26:17","guid":{"rendered":"https:\/\/ofakgp.com\/?page_id=3"},"modified":"2024-06-08T11:35:10","modified_gmt":"2024-06-08T09:35:10","slug":"politique-de-confidentialite-ofak-gp","status":"publish","type":"page","link":"https:\/\/ofakgp.com\/?page_id=3","title":{"rendered":"Politique de confidentialit\u00e9"},"content":{"rendered":"<div class=\"wpb-content-wrapper\"><p>[vc_row][vc_column][vc_column_text]<\/p>\n<h3 style=\"text-align: center;\"><strong>Politique de Confidentialit\u00e9<\/strong><\/h3>\n<p style=\"text-align: left;\"><strong>1. Introduction<\/strong><br \/>\nBienvenue sur le site vitrine de <strong>OFAK GP<\/strong>. Nous nous engageons \u00e0 prot\u00e9ger la confidentialit\u00e9 de nos utilisateurs . Cette politique de confidentialit\u00e9 explique comment nous collectons, utilisons et prot\u00e9geons vos informations lorsque vous visitez notre site web https:\/\/www.ofakgp.com.<\/p>\n<p><strong>2. Informations Collect\u00e9es<\/strong><br \/>\nNous pouvons collecter les types d&rsquo;informations suivants :<\/p>\n<p>&#8211; <em><strong>Informations Personnelles<\/strong><\/em> : nom, adresse email, num\u00e9ro de t\u00e9l\u00e9phone, adresse postale, et toute autre information que vous fournissez volontairement via nos formulaires de contact.<br \/>\n&#8211; <em><strong>Informations Non Personnelles<\/strong><\/em>\u00a0: adresse IP, type de navigateur, fournisseur de services Internet, pages de renvoi\/sortie, et donn\u00e9es de clics.<\/p>\n<p><em><strong>3. Utilisation des Informations<\/strong><\/em><br \/>\nNous utilisons les informations collect\u00e9es pour :<\/p>\n<p>&#8211; R\u00e9pondre \u00e0 vos demandes et fournir des informations sur nos services.<br \/>\n&#8211; Am\u00e9liorer notre site web et personnaliser votre exp\u00e9rience utilisateur.<br \/>\n&#8211; Envoyer des communications p\u00e9riodiques concernant des mises \u00e0 jour, des offres promotionnelles ou des nouvelles li\u00e9es \u00e0 nos services, si vous y avez consenti.<\/p>\n<p><em><strong>4. Partage des Informations<\/strong><\/em><br \/>\nNous ne vendons, n\u2019\u00e9changeons ni ne transf\u00e9rons d\u2019aucune autre mani\u00e8re vos informations personnelles \u00e0 des tiers, sauf dans les cas suivants :<\/p>\n<p>&#8211; Avec des prestataires de services tiers qui nous aident \u00e0 exploiter notre site web, \u00e0 mener nos affaires, ou \u00e0 vous servir, tant que ces parties conviennent de garder ces informations confidentielles.<br \/>\n&#8211; Si la loi l&rsquo;exige, pour prot\u00e9ger nos droits ou ceux d&rsquo;autrui, pour enqu\u00eater sur des fraudes, ou pour r\u00e9pondre \u00e0 une demande des autorit\u00e9s.<\/p>\n<p><em><strong>5. S\u00e9curit\u00e9 des Donn\u00e9es<\/strong><\/em><br \/>\nNous mettons en \u0153uvre diverses mesures de s\u00e9curit\u00e9 pour prot\u00e9ger vos informations personnelles. Vos informations personnelles sont contenues derri\u00e8re des r\u00e9seaux s\u00e9curis\u00e9s et ne sont accessibles qu&rsquo;\u00e0 un nombre limit\u00e9 de personnes ayant des droits d&rsquo;acc\u00e8s sp\u00e9ciaux \u00e0 ces syst\u00e8mes.<\/p>\n<p><em><strong>6. Cookies<\/strong><\/em><br \/>\nNotre site utilise des cookies pour am\u00e9liorer votre exp\u00e9rience de navigation. Les cookies sont de petits fichiers qu\u2019un site ou son prestataire de services transf\u00e8re sur le disque dur de votre ordinateur via votre navigateur Web (si vous l&rsquo;autorisez) qui permettent aux syst\u00e8mes du site ou du prestataire de services de reconna\u00eetre votre navigateur et de capturer et de m\u00e9moriser certaines informations.<\/p>\n<p><em><strong>7. Vos Droits<\/strong><\/em><br \/>\nVous avez le droit de :<\/p>\n<p>&#8211; Acc\u00e9der aux informations personnelles que nous d\u00e9tenons \u00e0 votre sujet.<br \/>\n&#8211; Demander la rectification ou la suppression de vos informations personnelles.<br \/>\n&#8211; Vous opposer au traitement de vos informations personnelles.<br \/>\n&#8211; Retirer votre consentement \u00e0 tout moment pour l&rsquo;utilisation de vos informations personnelles.<\/p>\n<p><em><strong>8. Modifications de la Politique de Confidentialit\u00e9<\/strong><\/em><br \/>\nNous pouvons mettre \u00e0 jour cette politique de confidentialit\u00e9 de temps en temps. Nous vous informerons de tout changement en publiant la nouvelle politique de confidentialit\u00e9 sur cette page. Ces modifications entreront en vigueur imm\u00e9diatement apr\u00e8s leur publication sur cette page.<\/p>\n<p><em><strong>9. Contactez-Nous<\/strong><\/em><br \/>\nSi vous avez des questions concernant cette politique de confidentialit\u00e9, vous pouvez nous contacter \u00e0 l&rsquo;adresse suivante :<\/p>\n<p><strong>OFAK GP<\/strong><\/p>\n<p><em>151 avenue du pr\u00e9sident wilson<\/em><br \/>\n<em>93210 La plaine saint denis<\/em><br \/>\n<strong>Email<\/strong> : commercial@ofakgp.com<br \/>\n<strong>Tel<\/strong> : +33 7 53081116 \/ 6 44883708 \/ +226 69152606[\/vc_column_text][\/vc_column][\/vc_row]<\/p>\n<\/div>","protected":false},"excerpt":{"rendered":"<p>[vc_row][vc_column][vc_column_text] Politique de Confidentialit\u00e9 1. Introduction Bienvenue sur le site vitrine de OFAK GP. Nous nous engageons \u00e0 prot\u00e9ger la confidentialit\u00e9 de nos utilisateurs . Cette politique de confidentialit\u00e9 explique comment nous collectons, utilisons et prot\u00e9geons vos informations lorsque vous visitez notre site web https:\/\/www.ofakgp.com. 2. Informations Collect\u00e9es Nous pouvons collecter les types d&rsquo;informations suivants [&hellip;]<\/p>\n","protected":false},"author":1,"featured_media":14432,"parent":0,"menu_order":0,"comment_status":"closed","ping_status":"closed","template":"","meta":{"footnotes":""},"class_list":["post-3","page","type-page","status-publish","has-post-thumbnail","hentry"],"yoast_head":"<!-- This site is optimized with the Yoast SEO plugin v27.5 - https:\/\/yoast.com\/product\/yoast-seo-wordpress\/ -->\n<title>Politique de confidentialit\u00e9 - OFAK GP<\/title>\n<meta name=\"description\" content=\"Politique de confidentialit\u00e9 OFAK GP: Nous nous engageons \u00e0 prot\u00e9ger la confidentialit\u00e9 de nos utilisateurs . Cette politique de confidentialit\u00e9 explique comment nous collectons, utilisons et prot\u00e9geons vos informations lorsque vous visitez notre site web.\" \/>\n<meta name=\"robots\" content=\"index, follow, max-snippet:-1, max-image-preview:large, max-video-preview:-1\" \/>\n<link rel=\"canonical\" href=\"https:\/\/ofakgp.com\/?page_id=3\" \/>\n<meta property=\"og:locale\" content=\"fr_FR\" \/>\n<meta property=\"og:type\" content=\"article\" \/>\n<meta property=\"og:title\" content=\"Politique de confidentialit\u00e9 - OFAK GP\" \/>\n<meta property=\"og:description\" content=\"Politique de confidentialit\u00e9 OFAK GP: Nous nous engageons \u00e0 prot\u00e9ger la confidentialit\u00e9 de nos utilisateurs . Cette politique de confidentialit\u00e9 explique comment nous collectons, utilisons et prot\u00e9geons vos informations lorsque vous visitez notre site web.\" \/>\n<meta property=\"og:url\" content=\"https:\/\/ofakgp.com\/?page_id=3\" \/>\n<meta property=\"og:site_name\" content=\"OFAK GP\" \/>\n<meta property=\"article:publisher\" content=\"https:\/\/www.facebook.com\/OfakgpEnvoidecolisparisouagatransportdecolis\" \/>\n<meta property=\"article:modified_time\" content=\"2024-06-08T09:35:10+00:00\" \/>\n<meta property=\"og:image\" content=\"https:\/\/ofakgp.com\/wp-content\/uploads\/cropped-Logo-OFAK-GP.png\" \/>\n\t<meta property=\"og:image:width\" content=\"512\" \/>\n\t<meta property=\"og:image:height\" content=\"512\" \/>\n\t<meta property=\"og:image:type\" content=\"image\/png\" \/>\n<meta name=\"twitter:card\" content=\"summary_large_image\" \/>\n<meta name=\"twitter:site\" content=\"@ofakgp\" \/>\n<meta name=\"twitter:label1\" content=\"Dur\u00e9e de lecture estim\u00e9e\" \/>\n\t<meta name=\"twitter:data1\" content=\"3 minutes\" \/>\n<script type=\"application\/ld+json\" class=\"yoast-schema-graph\">{\"@context\":\"https:\\\/\\\/schema.org\",\"@graph\":[{\"@type\":\"Article\",\"@id\":\"https:\\\/\\\/ofakgp.com\\\/?page_id=3#article\",\"isPartOf\":{\"@id\":\"https:\\\/\\\/ofakgp.com\\\/?page_id=3\"},\"author\":{\"name\":\"admin\",\"@id\":\"https:\\\/\\\/ofakgp.com\\\/#\\\/schema\\\/person\\\/7c66922775c95692d87acccfe20cbf88\"},\"headline\":\"Politique de confidentialit\u00e9\",\"datePublished\":\"2024-06-04T12:26:17+00:00\",\"dateModified\":\"2024-06-08T09:35:10+00:00\",\"mainEntityOfPage\":{\"@id\":\"https:\\\/\\\/ofakgp.com\\\/?page_id=3\"},\"wordCount\":528,\"publisher\":{\"@id\":\"https:\\\/\\\/ofakgp.com\\\/#organization\"},\"image\":{\"@id\":\"https:\\\/\\\/ofakgp.com\\\/?page_id=3#primaryimage\"},\"thumbnailUrl\":\"https:\\\/\\\/ofakgp.com\\\/wp-content\\\/uploads\\\/cropped-Logo-OFAK-GP.png\",\"inLanguage\":\"fr-FR\"},{\"@type\":\"WebPage\",\"@id\":\"https:\\\/\\\/ofakgp.com\\\/?page_id=3\",\"url\":\"https:\\\/\\\/ofakgp.com\\\/?page_id=3\",\"name\":\"Politique de confidentialit\u00e9 - OFAK GP\",\"isPartOf\":{\"@id\":\"https:\\\/\\\/ofakgp.com\\\/#website\"},\"primaryImageOfPage\":{\"@id\":\"https:\\\/\\\/ofakgp.com\\\/?page_id=3#primaryimage\"},\"image\":{\"@id\":\"https:\\\/\\\/ofakgp.com\\\/?page_id=3#primaryimage\"},\"thumbnailUrl\":\"https:\\\/\\\/ofakgp.com\\\/wp-content\\\/uploads\\\/cropped-Logo-OFAK-GP.png\",\"datePublished\":\"2024-06-04T12:26:17+00:00\",\"dateModified\":\"2024-06-08T09:35:10+00:00\",\"description\":\"Politique de confidentialit\u00e9 OFAK GP: Nous nous engageons \u00e0 prot\u00e9ger la confidentialit\u00e9 de nos utilisateurs . Cette politique de confidentialit\u00e9 explique comment nous collectons, utilisons et prot\u00e9geons vos informations lorsque vous visitez notre site web.\",\"breadcrumb\":{\"@id\":\"https:\\\/\\\/ofakgp.com\\\/?page_id=3#breadcrumb\"},\"inLanguage\":\"fr-FR\",\"potentialAction\":[{\"@type\":\"ReadAction\",\"target\":[\"https:\\\/\\\/ofakgp.com\\\/?page_id=3\"]}]},{\"@type\":\"ImageObject\",\"inLanguage\":\"fr-FR\",\"@id\":\"https:\\\/\\\/ofakgp.com\\\/?page_id=3#primaryimage\",\"url\":\"https:\\\/\\\/ofakgp.com\\\/wp-content\\\/uploads\\\/cropped-Logo-OFAK-GP.png\",\"contentUrl\":\"https:\\\/\\\/ofakgp.com\\\/wp-content\\\/uploads\\\/cropped-Logo-OFAK-GP.png\",\"width\":512,\"height\":512},{\"@type\":\"BreadcrumbList\",\"@id\":\"https:\\\/\\\/ofakgp.com\\\/?page_id=3#breadcrumb\",\"itemListElement\":[{\"@type\":\"ListItem\",\"position\":1,\"name\":\"Home\",\"item\":\"https:\\\/\\\/ofakgp.com\\\/\"},{\"@type\":\"ListItem\",\"position\":2,\"name\":\"Politique de confidentialit\u00e9\"}]},{\"@type\":\"WebSite\",\"@id\":\"https:\\\/\\\/ofakgp.com\\\/#website\",\"url\":\"https:\\\/\\\/ofakgp.com\\\/\",\"name\":\"OFAK GP\",\"description\":\"Transport de marchandises Paris vers Ouaga\",\"publisher\":{\"@id\":\"https:\\\/\\\/ofakgp.com\\\/#organization\"},\"potentialAction\":[{\"@type\":\"SearchAction\",\"target\":{\"@type\":\"EntryPoint\",\"urlTemplate\":\"https:\\\/\\\/ofakgp.com\\\/?s={search_term_string}\"},\"query-input\":{\"@type\":\"PropertyValueSpecification\",\"valueRequired\":true,\"valueName\":\"search_term_string\"}}],\"inLanguage\":\"fr-FR\"},{\"@type\":\"Organization\",\"@id\":\"https:\\\/\\\/ofakgp.com\\\/#organization\",\"name\":\"OFAK GP\",\"url\":\"https:\\\/\\\/ofakgp.com\\\/\",\"logo\":{\"@type\":\"ImageObject\",\"inLanguage\":\"fr-FR\",\"@id\":\"https:\\\/\\\/ofakgp.com\\\/#\\\/schema\\\/logo\\\/image\\\/\",\"url\":\"https:\\\/\\\/ofakgp.com\\\/wp-content\\\/uploads\\\/cropped-Logo-OFAK-GP.png\",\"contentUrl\":\"https:\\\/\\\/ofakgp.com\\\/wp-content\\\/uploads\\\/cropped-Logo-OFAK-GP.png\",\"width\":512,\"height\":512,\"caption\":\"OFAK GP\"},\"image\":{\"@id\":\"https:\\\/\\\/ofakgp.com\\\/#\\\/schema\\\/logo\\\/image\\\/\"},\"sameAs\":[\"https:\\\/\\\/www.facebook.com\\\/OfakgpEnvoidecolisparisouagatransportdecolis\",\"https:\\\/\\\/x.com\\\/ofakgp\"]},{\"@type\":\"Person\",\"@id\":\"https:\\\/\\\/ofakgp.com\\\/#\\\/schema\\\/person\\\/7c66922775c95692d87acccfe20cbf88\",\"name\":\"admin\",\"sameAs\":[\"https:\\\/\\\/ofakgp.com\"],\"url\":\"https:\\\/\\\/ofakgp.com\\\/?author=1\"}]}<\/script>\n<!-- \/ Yoast SEO plugin. -->","yoast_head_json":{"title":"Politique de confidentialit\u00e9 - OFAK GP","description":"Politique de confidentialit\u00e9 OFAK GP: Nous nous engageons \u00e0 prot\u00e9ger la confidentialit\u00e9 de nos utilisateurs . Cette politique de confidentialit\u00e9 explique comment nous collectons, utilisons et prot\u00e9geons vos informations lorsque vous visitez notre site web.","robots":{"index":"index","follow":"follow","max-snippet":"max-snippet:-1","max-image-preview":"max-image-preview:large","max-video-preview":"max-video-preview:-1"},"canonical":"https:\/\/ofakgp.com\/?page_id=3","og_locale":"fr_FR","og_type":"article","og_title":"Politique de confidentialit\u00e9 - OFAK GP","og_description":"Politique de confidentialit\u00e9 OFAK GP: Nous nous engageons \u00e0 prot\u00e9ger la confidentialit\u00e9 de nos utilisateurs . Cette politique de confidentialit\u00e9 explique comment nous collectons, utilisons et prot\u00e9geons vos informations lorsque vous visitez notre site web.","og_url":"https:\/\/ofakgp.com\/?page_id=3","og_site_name":"OFAK GP","article_publisher":"https:\/\/www.facebook.com\/OfakgpEnvoidecolisparisouagatransportdecolis","article_modified_time":"2024-06-08T09:35:10+00:00","og_image":[{"width":512,"height":512,"url":"https:\/\/ofakgp.com\/wp-content\/uploads\/cropped-Logo-OFAK-GP.png","type":"image\/png"}],"twitter_card":"summary_large_image","twitter_site":"@ofakgp","twitter_misc":{"Dur\u00e9e de lecture estim\u00e9e":"3 minutes"},"schema":{"@context":"https:\/\/schema.org","@graph":[{"@type":"Article","@id":"https:\/\/ofakgp.com\/?page_id=3#article","isPartOf":{"@id":"https:\/\/ofakgp.com\/?page_id=3"},"author":{"name":"admin","@id":"https:\/\/ofakgp.com\/#\/schema\/person\/7c66922775c95692d87acccfe20cbf88"},"headline":"Politique de confidentialit\u00e9","datePublished":"2024-06-04T12:26:17+00:00","dateModified":"2024-06-08T09:35:10+00:00","mainEntityOfPage":{"@id":"https:\/\/ofakgp.com\/?page_id=3"},"wordCount":528,"publisher":{"@id":"https:\/\/ofakgp.com\/#organization"},"image":{"@id":"https:\/\/ofakgp.com\/?page_id=3#primaryimage"},"thumbnailUrl":"https:\/\/ofakgp.com\/wp-content\/uploads\/cropped-Logo-OFAK-GP.png","inLanguage":"fr-FR"},{"@type":"WebPage","@id":"https:\/\/ofakgp.com\/?page_id=3","url":"https:\/\/ofakgp.com\/?page_id=3","name":"Politique de confidentialit\u00e9 - OFAK GP","isPartOf":{"@id":"https:\/\/ofakgp.com\/#website"},"primaryImageOfPage":{"@id":"https:\/\/ofakgp.com\/?page_id=3#primaryimage"},"image":{"@id":"https:\/\/ofakgp.com\/?page_id=3#primaryimage"},"thumbnailUrl":"https:\/\/ofakgp.com\/wp-content\/uploads\/cropped-Logo-OFAK-GP.png","datePublished":"2024-06-04T12:26:17+00:00","dateModified":"2024-06-08T09:35:10+00:00","description":"Politique de confidentialit\u00e9 OFAK GP: Nous nous engageons \u00e0 prot\u00e9ger la confidentialit\u00e9 de nos utilisateurs . Cette politique de confidentialit\u00e9 explique comment nous collectons, utilisons et prot\u00e9geons vos informations lorsque vous visitez notre site web.","breadcrumb":{"@id":"https:\/\/ofakgp.com\/?page_id=3#breadcrumb"},"inLanguage":"fr-FR","potentialAction":[{"@type":"ReadAction","target":["https:\/\/ofakgp.com\/?page_id=3"]}]},{"@type":"ImageObject","inLanguage":"fr-FR","@id":"https:\/\/ofakgp.com\/?page_id=3#primaryimage","url":"https:\/\/ofakgp.com\/wp-content\/uploads\/cropped-Logo-OFAK-GP.png","contentUrl":"https:\/\/ofakgp.com\/wp-content\/uploads\/cropped-Logo-OFAK-GP.png","width":512,"height":512},{"@type":"BreadcrumbList","@id":"https:\/\/ofakgp.com\/?page_id=3#breadcrumb","itemListElement":[{"@type":"ListItem","position":1,"name":"Home","item":"https:\/\/ofakgp.com\/"},{"@type":"ListItem","position":2,"name":"Politique de confidentialit\u00e9"}]},{"@type":"WebSite","@id":"https:\/\/ofakgp.com\/#website","url":"https:\/\/ofakgp.com\/","name":"OFAK GP","description":"Transport de marchandises Paris vers Ouaga","publisher":{"@id":"https:\/\/ofakgp.com\/#organization"},"potentialAction":[{"@type":"SearchAction","target":{"@type":"EntryPoint","urlTemplate":"https:\/\/ofakgp.com\/?s={search_term_string}"},"query-input":{"@type":"PropertyValueSpecification","valueRequired":true,"valueName":"search_term_string"}}],"inLanguage":"fr-FR"},{"@type":"Organization","@id":"https:\/\/ofakgp.com\/#organization","name":"OFAK GP","url":"https:\/\/ofakgp.com\/","logo":{"@type":"ImageObject","inLanguage":"fr-FR","@id":"https:\/\/ofakgp.com\/#\/schema\/logo\/image\/","url":"https:\/\/ofakgp.com\/wp-content\/uploads\/cropped-Logo-OFAK-GP.png","contentUrl":"https:\/\/ofakgp.com\/wp-content\/uploads\/cropped-Logo-OFAK-GP.png","width":512,"height":512,"caption":"OFAK GP"},"image":{"@id":"https:\/\/ofakgp.com\/#\/schema\/logo\/image\/"},"sameAs":["https:\/\/www.facebook.com\/OfakgpEnvoidecolisparisouagatransportdecolis","https:\/\/x.com\/ofakgp"]},{"@type":"Person","@id":"https:\/\/ofakgp.com\/#\/schema\/person\/7c66922775c95692d87acccfe20cbf88","name":"admin","sameAs":["https:\/\/ofakgp.com"],"url":"https:\/\/ofakgp.com\/?author=1"}]}},"_links":{"self":[{"href":"https:\/\/ofakgp.com\/index.php?rest_route=\/wp\/v2\/pages\/3","targetHints":{"allow":["GET"]}}],"collection":[{"href":"https:\/\/ofakgp.com\/index.php?rest_route=\/wp\/v2\/pages"}],"about":[{"href":"https:\/\/ofakgp.com\/index.php?rest_route=\/wp\/v2\/types\/page"}],"author":[{"embeddable":true,"href":"https:\/\/ofakgp.com\/index.php?rest_route=\/wp\/v2\/users\/1"}],"replies":[{"embeddable":true,"href":"https:\/\/ofakgp.com\/index.php?rest_route=%2Fwp%2Fv2%2Fcomments&post=3"}],"version-history":[{"count":5,"href":"https:\/\/ofakgp.com\/index.php?rest_route=\/wp\/v2\/pages\/3\/revisions"}],"predecessor-version":[{"id":14440,"href":"https:\/\/ofakgp.com\/index.php?rest_route=\/wp\/v2\/pages\/3\/revisions\/14440"}],"wp:featuredmedia":[{"embeddable":true,"href":"https:\/\/ofakgp.com\/index.php?rest_route=\/wp\/v2\/media\/14432"}],"wp:attachment":[{"href":"https:\/\/ofakgp.com\/index.php?rest_route=%2Fwp%2Fv2%2Fmedia&parent=3"}],"curies":[{"name":"wp","href":"https:\/\/api.w.org\/{rel}","templated":true}]}}