{"id":14499,"date":"2024-10-17T06:23:40","date_gmt":"2024-10-17T04:23:40","guid":{"rendered":"https:\/\/ofakgp.com\/?page_id=14499"},"modified":"2024-10-17T06:23:40","modified_gmt":"2024-10-17T04:23:40","slug":"conditions","status":"publish","type":"page","link":"https:\/\/ofakgp.com\/?page_id=14499","title":{"rendered":"Conditions"},"content":{"rendered":"<p>Condition d&rsquo;Exp\u00e9dition de vos marchandises<\/p>\n<p>Pour vos besoins de livraison \u00e0 notre adresse ou de paiement sur place, merci de nous le signaler svp\/.<\/p>\n<p><strong><em>Pour les livraisons \u00e0 notre adresse:<\/em><\/strong><\/p>\n<ul>\n<li>livraison \u00e0 notre adresse possible:\n<ul>\n<li>remise en main propre sur rendez-vous <strong>gratuite<\/strong><\/li>\n<li>20\u20ac si livraison \u00e0 notre adresse et si enl\u00e8vement \u00e0 la poste ou au point relais (soumis \u00e0 condition)<\/li>\n<\/ul>\n<\/li>\n<\/ul>\n<p>Coursier disponible \u00e9galement pour vos enl\u00e8vements de colis\u00a0 la charge du client et achat possible en magasin ou en ligne.<\/p>\n<ol>\n<li>Envoyez \u00e0 OFAK une photo r\u00e9elle des produits (ou capture d&rsquo;\u00e9cran pour validation)<\/li>\n<li>En fonction de la nature du colis, du poids et la quantit\u00e9 nous vous communiquerons l&rsquo;adresse \u00e0 utiliser.(OFAK se r\u00e9serve le droit d&rsquo;ACCEPTER ou de REFUSER un colis en fonction de sa nature)<\/li>\n<li>Communiquez \u00e0 OFAK la date de livraison estim\u00e9e (merci de nous fournir une preuve d&rsquo;exp\u00e9dition)<\/li>\n<li>D\u00e8s r\u00e9ception du colis, <strong>OFAK\u00a0<\/strong>se chargera de le contr\u00f4ler et de vous envoyer une photo. En cas d&rsquo;envoi de produits non conformes (erreur fournisseur, etc&#8230;) \u00e0 ceux d\u00e9clar\u00e9s, le colis vous sera retourn\u00e9 \u00e0 vos frais ou sera d\u00e9truit.<\/li>\n<li>Si tout est ok, <strong>OFAK\u00a0<\/strong>p\u00e8sera le colis et vous transmettra la facture. Merci de nous communiquer le service choisi (Express, fret a\u00e9rien, maritime)<\/li>\n<li>Le colis sera achemin\u00e9 sur son lieu de destination qu&rsquo;\u00e0 r\u00e9ception du paiement. Pas de paiement, pas d&rsquo;exp\u00e9dition<\/li>\n<li>Un colis charg\u00e9 n&rsquo;est pas annulable: \u00e0 condition de r\u00e9gler une amande de 150\u20ac pour les petits colis et \u00e0 partir de\u00a0 500\u20ac pour les gros colis en fonction du d\u00e9sagr\u00e9ment, avant restitution du colis et avant le d\u00e9part du vol ou du navire. Cf. conditions envois OFAK<\/li>\n<\/ol>\n<p><strong>NB:\u00a0<\/strong>Tout colis livr\u00e9 \u00e0 notre accueil, en point relais ou \u00e0 la poste vous sera factur\u00e9 en suppl\u00e9ment \u00e0 un cout forfaitaire de 20\u20ac.<br \/>\nEn cas de r\u00e9ception d&rsquo;un colis inconnu livr\u00e9 \u00e0 une de nos adresses sans validation pr\u00e9alable une amande de 100\u20ac vous sera factur\u00e9e<\/p>\n","protected":false},"excerpt":{"rendered":"<p>Condition d&rsquo;Exp\u00e9dition de vos marchandises Pour vos besoins de livraison \u00e0 notre adresse ou de paiement sur place, merci de nous le signaler svp\/. Pour les livraisons \u00e0 notre adresse: livraison \u00e0 notre adresse possible: remise en main propre sur rendez-vous gratuite 20\u20ac si livraison \u00e0 notre adresse et si enl\u00e8vement \u00e0 la poste ou [&hellip;]<\/p>\n","protected":false},"author":1,"featured_media":0,"parent":0,"menu_order":0,"comment_status":"closed","ping_status":"closed","template":"","meta":{"footnotes":""},"class_list":["post-14499","page","type-page","status-publish","hentry"],"yoast_head":"<!-- This site is optimized with the Yoast SEO plugin v27.5 - https:\/\/yoast.com\/product\/yoast-seo-wordpress\/ -->\n<title>Conditions - OFAK GP<\/title>\n<meta name=\"robots\" content=\"index, follow, max-snippet:-1, max-image-preview:large, max-video-preview:-1\" \/>\n<link rel=\"canonical\" href=\"https:\/\/ofakgp.com\/?page_id=14499\" \/>\n<meta property=\"og:locale\" content=\"fr_FR\" \/>\n<meta property=\"og:type\" content=\"article\" \/>\n<meta property=\"og:title\" content=\"Conditions - OFAK GP\" \/>\n<meta property=\"og:description\" content=\"Condition d&rsquo;Exp\u00e9dition de vos marchandises Pour vos besoins de livraison \u00e0 notre adresse ou de paiement sur place, merci de nous le signaler svp\/. Pour les livraisons \u00e0 notre adresse: livraison \u00e0 notre adresse possible: remise en main propre sur rendez-vous gratuite 20\u20ac si livraison \u00e0 notre adresse et si enl\u00e8vement \u00e0 la poste ou [&hellip;]\" \/>\n<meta property=\"og:url\" content=\"https:\/\/ofakgp.com\/?page_id=14499\" \/>\n<meta property=\"og:site_name\" content=\"OFAK GP\" \/>\n<meta property=\"article:publisher\" content=\"https:\/\/www.facebook.com\/OfakgpEnvoidecolisparisouagatransportdecolis\" \/>\n<meta name=\"twitter:card\" content=\"summary_large_image\" \/>\n<meta name=\"twitter:site\" content=\"@ofakgp\" \/>\n<meta name=\"twitter:label1\" content=\"Dur\u00e9e de lecture estim\u00e9e\" \/>\n\t<meta name=\"twitter:data1\" content=\"2 minutes\" \/>\n<script type=\"application\/ld+json\" class=\"yoast-schema-graph\">{\"@context\":\"https:\\\/\\\/schema.org\",\"@graph\":[{\"@type\":\"WebPage\",\"@id\":\"https:\\\/\\\/ofakgp.com\\\/?page_id=14499\",\"url\":\"https:\\\/\\\/ofakgp.com\\\/?page_id=14499\",\"name\":\"Conditions - OFAK GP\",\"isPartOf\":{\"@id\":\"https:\\\/\\\/ofakgp.com\\\/#website\"},\"datePublished\":\"2024-10-17T04:23:40+00:00\",\"breadcrumb\":{\"@id\":\"https:\\\/\\\/ofakgp.com\\\/?page_id=14499#breadcrumb\"},\"inLanguage\":\"fr-FR\",\"potentialAction\":[{\"@type\":\"ReadAction\",\"target\":[\"https:\\\/\\\/ofakgp.com\\\/?page_id=14499\"]}]},{\"@type\":\"BreadcrumbList\",\"@id\":\"https:\\\/\\\/ofakgp.com\\\/?page_id=14499#breadcrumb\",\"itemListElement\":[{\"@type\":\"ListItem\",\"position\":1,\"name\":\"Home\",\"item\":\"https:\\\/\\\/ofakgp.com\\\/\"},{\"@type\":\"ListItem\",\"position\":2,\"name\":\"Conditions\"}]},{\"@type\":\"WebSite\",\"@id\":\"https:\\\/\\\/ofakgp.com\\\/#website\",\"url\":\"https:\\\/\\\/ofakgp.com\\\/\",\"name\":\"OFAK GP\",\"description\":\"Transport de marchandises Paris vers Ouaga\",\"publisher\":{\"@id\":\"https:\\\/\\\/ofakgp.com\\\/#organization\"},\"potentialAction\":[{\"@type\":\"SearchAction\",\"target\":{\"@type\":\"EntryPoint\",\"urlTemplate\":\"https:\\\/\\\/ofakgp.com\\\/?s={search_term_string}\"},\"query-input\":{\"@type\":\"PropertyValueSpecification\",\"valueRequired\":true,\"valueName\":\"search_term_string\"}}],\"inLanguage\":\"fr-FR\"},{\"@type\":\"Organization\",\"@id\":\"https:\\\/\\\/ofakgp.com\\\/#organization\",\"name\":\"OFAK GP\",\"url\":\"https:\\\/\\\/ofakgp.com\\\/\",\"logo\":{\"@type\":\"ImageObject\",\"inLanguage\":\"fr-FR\",\"@id\":\"https:\\\/\\\/ofakgp.com\\\/#\\\/schema\\\/logo\\\/image\\\/\",\"url\":\"https:\\\/\\\/ofakgp.com\\\/wp-content\\\/uploads\\\/cropped-Logo-OFAK-GP.png\",\"contentUrl\":\"https:\\\/\\\/ofakgp.com\\\/wp-content\\\/uploads\\\/cropped-Logo-OFAK-GP.png\",\"width\":512,\"height\":512,\"caption\":\"OFAK GP\"},\"image\":{\"@id\":\"https:\\\/\\\/ofakgp.com\\\/#\\\/schema\\\/logo\\\/image\\\/\"},\"sameAs\":[\"https:\\\/\\\/www.facebook.com\\\/OfakgpEnvoidecolisparisouagatransportdecolis\",\"https:\\\/\\\/x.com\\\/ofakgp\"]}]}<\/script>\n<!-- \/ Yoast SEO plugin. -->","yoast_head_json":{"title":"Conditions - OFAK GP","robots":{"index":"index","follow":"follow","max-snippet":"max-snippet:-1","max-image-preview":"max-image-preview:large","max-video-preview":"max-video-preview:-1"},"canonical":"https:\/\/ofakgp.com\/?page_id=14499","og_locale":"fr_FR","og_type":"article","og_title":"Conditions - OFAK GP","og_description":"Condition d&rsquo;Exp\u00e9dition de vos marchandises Pour vos besoins de livraison \u00e0 notre adresse ou de paiement sur place, merci de nous le signaler svp\/. Pour les livraisons \u00e0 notre adresse: livraison \u00e0 notre adresse possible: remise en main propre sur rendez-vous gratuite 20\u20ac si livraison \u00e0 notre adresse et si enl\u00e8vement \u00e0 la poste ou [&hellip;]","og_url":"https:\/\/ofakgp.com\/?page_id=14499","og_site_name":"OFAK GP","article_publisher":"https:\/\/www.facebook.com\/OfakgpEnvoidecolisparisouagatransportdecolis","twitter_card":"summary_large_image","twitter_site":"@ofakgp","twitter_misc":{"Dur\u00e9e de lecture estim\u00e9e":"2 minutes"},"schema":{"@context":"https:\/\/schema.org","@graph":[{"@type":"WebPage","@id":"https:\/\/ofakgp.com\/?page_id=14499","url":"https:\/\/ofakgp.com\/?page_id=14499","name":"Conditions - OFAK GP","isPartOf":{"@id":"https:\/\/ofakgp.com\/#website"},"datePublished":"2024-10-17T04:23:40+00:00","breadcrumb":{"@id":"https:\/\/ofakgp.com\/?page_id=14499#breadcrumb"},"inLanguage":"fr-FR","potentialAction":[{"@type":"ReadAction","target":["https:\/\/ofakgp.com\/?page_id=14499"]}]},{"@type":"BreadcrumbList","@id":"https:\/\/ofakgp.com\/?page_id=14499#breadcrumb","itemListElement":[{"@type":"ListItem","position":1,"name":"Home","item":"https:\/\/ofakgp.com\/"},{"@type":"ListItem","position":2,"name":"Conditions"}]},{"@type":"WebSite","@id":"https:\/\/ofakgp.com\/#website","url":"https:\/\/ofakgp.com\/","name":"OFAK GP","description":"Transport de marchandises Paris vers Ouaga","publisher":{"@id":"https:\/\/ofakgp.com\/#organization"},"potentialAction":[{"@type":"SearchAction","target":{"@type":"EntryPoint","urlTemplate":"https:\/\/ofakgp.com\/?s={search_term_string}"},"query-input":{"@type":"PropertyValueSpecification","valueRequired":true,"valueName":"search_term_string"}}],"inLanguage":"fr-FR"},{"@type":"Organization","@id":"https:\/\/ofakgp.com\/#organization","name":"OFAK GP","url":"https:\/\/ofakgp.com\/","logo":{"@type":"ImageObject","inLanguage":"fr-FR","@id":"https:\/\/ofakgp.com\/#\/schema\/logo\/image\/","url":"https:\/\/ofakgp.com\/wp-content\/uploads\/cropped-Logo-OFAK-GP.png","contentUrl":"https:\/\/ofakgp.com\/wp-content\/uploads\/cropped-Logo-OFAK-GP.png","width":512,"height":512,"caption":"OFAK GP"},"image":{"@id":"https:\/\/ofakgp.com\/#\/schema\/logo\/image\/"},"sameAs":["https:\/\/www.facebook.com\/OfakgpEnvoidecolisparisouagatransportdecolis","https:\/\/x.com\/ofakgp"]}]}},"_links":{"self":[{"href":"https:\/\/ofakgp.com\/index.php?rest_route=\/wp\/v2\/pages\/14499","targetHints":{"allow":["GET"]}}],"collection":[{"href":"https:\/\/ofakgp.com\/index.php?rest_route=\/wp\/v2\/pages"}],"about":[{"href":"https:\/\/ofakgp.com\/index.php?rest_route=\/wp\/v2\/types\/page"}],"author":[{"embeddable":true,"href":"https:\/\/ofakgp.com\/index.php?rest_route=\/wp\/v2\/users\/1"}],"replies":[{"embeddable":true,"href":"https:\/\/ofakgp.com\/index.php?rest_route=%2Fwp%2Fv2%2Fcomments&post=14499"}],"version-history":[{"count":1,"href":"https:\/\/ofakgp.com\/index.php?rest_route=\/wp\/v2\/pages\/14499\/revisions"}],"predecessor-version":[{"id":14500,"href":"https:\/\/ofakgp.com\/index.php?rest_route=\/wp\/v2\/pages\/14499\/revisions\/14500"}],"wp:attachment":[{"href":"https:\/\/ofakgp.com\/index.php?rest_route=%2Fwp%2Fv2%2Fmedia&parent=14499"}],"curies":[{"name":"wp","href":"https:\/\/api.w.org\/{rel}","templated":true}]}}